{"id":991,"date":"2019-02-19T10:56:51","date_gmt":"2019-02-19T16:56:51","guid":{"rendered":"http:\/\/www.bib.ibero.mx\/site\/?page_id=991"},"modified":"2021-04-27T13:48:56","modified_gmt":"2021-04-27T18:48:56","slug":"politicas-de-informacion","status":"publish","type":"page","link":"https:\/\/www.bib.ibero.mx\/site\/index.php\/inicio\/politicas\/politicas-de-informacion\/","title":{"rendered":"Pol\u00edticas de informaci\u00f3n"},"content":{"rendered":"\t\t<div data-elementor-type=\"wp-post\" data-elementor-id=\"991\" class=\"elementor elementor-991 elementor-bc-flex-widget\">\n\t\t\t\t\t\t<div class=\"elementor-inner\">\n\t\t\t\t<div class=\"elementor-section-wrap\">\n\t\t\t\t\t\t\t\t\t<section class=\"elementor-section elementor-top-section elementor-element elementor-element-596ef6e elementor-section-boxed elementor-section-height-default elementor-section-height-default\" data-id=\"596ef6e\" data-element_type=\"section\">\n\t\t\t\t\t\t<div class=\"elementor-container elementor-column-gap-default\">\n\t\t\t\t\t\t\t<div class=\"elementor-row\">\n\t\t\t\t\t<div class=\"elementor-column elementor-col-100 elementor-top-column elementor-element elementor-element-753a3af\" data-id=\"753a3af\" data-element_type=\"column\">\n\t\t\t<div class=\"elementor-column-wrap elementor-element-populated\">\n\t\t\t\t\t\t\t<div class=\"elementor-widget-wrap\">\n\t\t\t\t\t\t<div class=\"elementor-element elementor-element-cd4ca3c elementor-widget elementor-widget-text-editor\" data-id=\"cd4ca3c\" data-element_type=\"widget\" data-widget_type=\"text-editor.default\">\n\t\t\t\t<div class=\"elementor-widget-container\">\n\t\t\t\t\t\t\t\t<div class=\"elementor-text-editor elementor-clearfix\">\n\t\t\t\t<p style=\"text-align: justify;\">Tomando en consideraci\u00f3n que el buen funcionamiento de la Biblioteca Francisco Xavier Clavigero de la Universidad Iberoamericana Ciudad de M\u00e9xico descansa en el hecho de que la informaci\u00f3n generada sea conocida por las instancias que resultan afectadas; se formulan las siguientes pol\u00edticas al respecto:<br \/><br \/>1. Es obligaci\u00f3n del cuerpo directivo informar oportunamente de cualquier decisi\u00f3n que se tome.<br \/><br \/>2. Las decisiones que se consideran bajo este rubro son aquellas que afecten, sea directa o indirectamente, a los servicios, los usuarios y los procesos.<br \/><br \/>3. Las decisiones tomadas por los jefes de \u00e1rea s\u00f3lo pueden afectar su \u00e1mbito inmediato de acci\u00f3n y responsabilidad.<br \/><br \/>4. Las decisiones tomadas por los coordinadores s\u00f3lo pueden afectar su \u00e1rea de trabajo.<br \/><br \/>5. Las decisiones que afectan de forma global a los procesos, los servicios y a los usuarios, s\u00f3lo pueden ser tomadas con el visto bueno de la Direcci\u00f3n; en caso contrario, la decisi\u00f3n queda sin efecto.<br \/><br \/>6. La informaci\u00f3n debe realizarse por escrito y debe indicar claramente que cuenta con el visto bueno de la Direcci\u00f3n, si es el caso.<br \/><br \/>7. La informaci\u00f3n que debe ser comunicada es la siguiente:<br \/><br \/>\u2022 Decisiones en torno a los servicios electr\u00f3nicos (todo el personal).<br \/>\u2022 Decisiones en torno al cat\u00e1logo p\u00fablico en l\u00ednea (todo el personal).<br \/>\u2022 Decisiones en torno al sistema integrado de biblioteca (todo el personal).<br \/>\u2022 Decisiones en torno a periodos de pr\u00e9stamo (todo el personal).<br \/>\u2022 Decisiones en torno a modificaciones en el cobro de multas, recargos y servicios (el personal directamente afectado).<br \/>\u2022 Decisiones generales en torno a servicios, generales o espec\u00edficos (el personal directamente afectado).<br \/>\u2022 Decisiones en torno al proceso espec\u00edfico de materiales (el personal directamente afectado).<br \/>\u2022 Otorgamiento de d\u00edas econ\u00f3micos o inasistencias (el personal de servicios que resulta afectado).<br \/>\u2022 Eventos en los que la Biblioteca participa (todo el personal).<br \/><br \/>8. En todos los casos se debe informar por separado a la Direcci\u00f3n y a cada una de las Coordinaciones.<br \/><br \/>9. El no informar es responsabilidad directa de la persona que toma la decisi\u00f3n o del responsable, jefe o coordinador, en donde se toma la decisi\u00f3n.<\/p>\t\t\t\t\t<\/div>\n\t\t\t\t\t\t<\/div>\n\t\t\t\t<\/div>\n\t\t\t\t\t\t<\/div>\n\t\t\t\t\t<\/div>\n\t\t<\/div>\n\t\t\t\t\t\t\t\t<\/div>\n\t\t\t\t\t<\/div>\n\t\t<\/section>\n\t\t\t\t\t\t\t\t\t<\/div>\n\t\t\t<\/div>\n\t\t\t\t\t<\/div>\n\t\t","protected":false},"excerpt":{"rendered":"<p>Tomando en consideraci\u00f3n que el buen funcionamiento de la Biblioteca Francisco Xavier Clavigero de la Universidad Iberoamericana Ciudad de M\u00e9xico descansa en el hecho de que la informaci\u00f3n generada sea conocida por las instancias que resultan afectadas; se formulan las<\/p>\n","protected":false},"author":2,"featured_media":0,"parent":269,"menu_order":17,"comment_status":"closed","ping_status":"closed","template":"","meta":[],"_links":{"self":[{"href":"https:\/\/www.bib.ibero.mx\/site\/index.php\/wp-json\/wp\/v2\/pages\/991"}],"collection":[{"href":"https:\/\/www.bib.ibero.mx\/site\/index.php\/wp-json\/wp\/v2\/pages"}],"about":[{"href":"https:\/\/www.bib.ibero.mx\/site\/index.php\/wp-json\/wp\/v2\/types\/page"}],"author":[{"embeddable":true,"href":"https:\/\/www.bib.ibero.mx\/site\/index.php\/wp-json\/wp\/v2\/users\/2"}],"replies":[{"embeddable":true,"href":"https:\/\/www.bib.ibero.mx\/site\/index.php\/wp-json\/wp\/v2\/comments?post=991"}],"version-history":[{"count":3,"href":"https:\/\/www.bib.ibero.mx\/site\/index.php\/wp-json\/wp\/v2\/pages\/991\/revisions"}],"predecessor-version":[{"id":1058,"href":"https:\/\/www.bib.ibero.mx\/site\/index.php\/wp-json\/wp\/v2\/pages\/991\/revisions\/1058"}],"up":[{"embeddable":true,"href":"https:\/\/www.bib.ibero.mx\/site\/index.php\/wp-json\/wp\/v2\/pages\/269"}],"wp:attachment":[{"href":"https:\/\/www.bib.ibero.mx\/site\/index.php\/wp-json\/wp\/v2\/media?parent=991"}],"curies":[{"name":"wp","href":"https:\/\/api.w.org\/{rel}","templated":true}]}}