{"id":8608,"date":"2022-04-01T07:31:17","date_gmt":"2022-04-01T13:31:17","guid":{"rendered":"https:\/\/www.bib.ibero.mx\/site\/?page_id=8608"},"modified":"2024-06-06T09:20:26","modified_gmt":"2024-06-06T15:20:26","slug":"efemerides-uia","status":"publish","type":"page","link":"https:\/\/www.bib.ibero.mx\/site\/index.php\/inicio\/acervos-historicos\/efemerides-uia\/","title":{"rendered":"Efem\u00e9rides UIA"},"content":{"rendered":"\t\t<div data-elementor-type=\"wp-page\" data-elementor-id=\"8608\" class=\"elementor elementor-8608\">\n\t\t\t\t\t\t<div class=\"elementor-inner\">\n\t\t\t\t<div class=\"elementor-section-wrap\">\n\t\t\t\t\t\t\t\t\t<section class=\"elementor-section elementor-top-section elementor-element elementor-element-2e68646 elementor-section-boxed elementor-section-height-default elementor-section-height-default\" data-id=\"2e68646\" data-element_type=\"section\">\n\t\t\t\t\t\t<div class=\"elementor-container elementor-column-gap-default\">\n\t\t\t\t\t\t\t<div class=\"elementor-row\">\n\t\t\t\t\t<div class=\"elementor-column elementor-col-100 elementor-top-column elementor-element elementor-element-a87a548\" data-id=\"a87a548\" data-element_type=\"column\">\n\t\t\t<div class=\"elementor-column-wrap elementor-element-populated\">\n\t\t\t\t\t\t\t<div class=\"elementor-widget-wrap\">\n\t\t\t\t\t\t<div class=\"elementor-element elementor-element-b61b713 elementor-view-default elementor-widget elementor-widget-icon\" data-id=\"b61b713\" data-element_type=\"widget\" data-widget_type=\"icon.default\">\n\t\t\t\t<div class=\"elementor-widget-container\">\n\t\t\t\t\t<div class=\"elementor-icon-wrapper\">\n\t\t\t<a class=\"elementor-icon\" href=\"https:\/\/www.bib.ibero.mx\/site\/index.php\/lalo\/\">\n\t\t\t<i aria-hidden=\"true\" class=\"fas fa-home\"><\/i>\t\t\t<\/a>\n\t\t<\/div>\n\t\t\t\t<\/div>\n\t\t\t\t<\/div>\n\t\t\t\t\t\t<\/div>\n\t\t\t\t\t<\/div>\n\t\t<\/div>\n\t\t\t\t\t\t\t\t<\/div>\n\t\t\t\t\t<\/div>\n\t\t<\/section>\n\t\t\t\t<section class=\"elementor-section elementor-top-section elementor-element elementor-element-a623c90 elementor-section-stretched elementor-section-boxed elementor-section-height-default elementor-section-height-default\" data-id=\"a623c90\" data-element_type=\"section\" data-settings=\"{&quot;stretch_section&quot;:&quot;section-stretched&quot;}\">\n\t\t\t\t\t\t<div class=\"elementor-container elementor-column-gap-default\">\n\t\t\t\t\t\t\t<div class=\"elementor-row\">\n\t\t\t\t\t<div class=\"elementor-column elementor-col-100 elementor-top-column elementor-element elementor-element-24b5168\" data-id=\"24b5168\" data-element_type=\"column\">\n\t\t\t<div class=\"elementor-column-wrap elementor-element-populated\">\n\t\t\t\t\t\t\t<div class=\"elementor-widget-wrap\">\n\t\t\t\t\t\t<div class=\"elementor-element elementor-element-904e8e2 elementor-widget elementor-widget-text-editor\" data-id=\"904e8e2\" data-element_type=\"widget\" data-widget_type=\"text-editor.default\">\n\t\t\t\t<div class=\"elementor-widget-container\">\n\t\t\t\t\t\t\t\t<div class=\"elementor-text-editor elementor-clearfix\">\n\t\t\t\t<p style=\"text-align: center;\"><strong><span style=\"color: #339966;\">ARCHIVO HIST\u00d3RICO DE LA UNIVERSIDAD IBEROAMERICANA<\/span><\/strong><\/p>\t\t\t\t\t<\/div>\n\t\t\t\t\t\t<\/div>\n\t\t\t\t<\/div>\n\t\t\t\t\t\t<\/div>\n\t\t\t\t\t<\/div>\n\t\t<\/div>\n\t\t\t\t\t\t\t\t<\/div>\n\t\t\t\t\t<\/div>\n\t\t<\/section>\n\t\t\t\t<section class=\"elementor-section elementor-top-section elementor-element elementor-element-0918728 elementor-section-stretched elementor-section-boxed elementor-section-height-default elementor-section-height-default\" data-id=\"0918728\" data-element_type=\"section\" data-settings=\"{&quot;stretch_section&quot;:&quot;section-stretched&quot;}\">\n\t\t\t\t\t\t<div class=\"elementor-container elementor-column-gap-default\">\n\t\t\t\t\t\t\t<div class=\"elementor-row\">\n\t\t\t\t\t<div class=\"elementor-column elementor-col-50 elementor-top-column elementor-element elementor-element-b57821c\" data-id=\"b57821c\" data-element_type=\"column\">\n\t\t\t<div class=\"elementor-column-wrap elementor-element-populated\">\n\t\t\t\t\t\t\t<div class=\"elementor-widget-wrap\">\n\t\t\t\t\t\t<div class=\"elementor-element elementor-element-6948c3a elementor-widget elementor-widget-image\" data-id=\"6948c3a\" data-element_type=\"widget\" data-widget_type=\"image.default\">\n\t\t\t\t<div class=\"elementor-widget-container\">\n\t\t\t\t\t\t\t\t<div class=\"elementor-image\">\n\t\t\t\t\t\t\t\t\t\t\t\t\t<a href=\"https:\/\/www.bib.ibero.mx\/site\/wp-content\/uploads\/2022\/04\/Efemerides_boletin_uia_1971.jpg\" data-elementor-open-lightbox=\"yes\" data-elementor-lightbox-title=\"Efemerides_boletin_uia_1971\" data-e-action-hash=\"#elementor-action%3Aaction%3Dlightbox%26settings%3DeyJpZCI6ODYxMSwidXJsIjoiaHR0cHM6XC9cL3d3dy5iaWIuaWJlcm8ubXhcL3NpdGVcL3dwLWNvbnRlbnRcL3VwbG9hZHNcLzIwMjJcLzA0XC9FZmVtZXJpZGVzX2JvbGV0aW5fdWlhXzE5NzEuanBnIn0%3D\">\n\t\t\t\t\t\t\t<img decoding=\"async\" width=\"700\" height=\"435\" src=\"https:\/\/www.bib.ibero.mx\/site\/wp-content\/uploads\/2022\/04\/Efemerides_boletin_uia_1971-700x435.jpg\" class=\"attachment-large size-large wp-image-8611\" alt=\"\" loading=\"lazy\" srcset=\"https:\/\/www.bib.ibero.mx\/site\/wp-content\/uploads\/2022\/04\/Efemerides_boletin_uia_1971-700x435.jpg 700w, https:\/\/www.bib.ibero.mx\/site\/wp-content\/uploads\/2022\/04\/Efemerides_boletin_uia_1971-300x186.jpg 300w, https:\/\/www.bib.ibero.mx\/site\/wp-content\/uploads\/2022\/04\/Efemerides_boletin_uia_1971.jpg 721w\" sizes=\"(max-width: 700px) 100vw, 700px\" \/>\t\t\t\t\t\t\t\t<\/a>\n\t\t\t\t\t\t\t\t\t\t\t\t\t\t<\/div>\n\t\t\t\t\t\t<\/div>\n\t\t\t\t<\/div>\n\t\t\t\t\t\t<\/div>\n\t\t\t\t\t<\/div>\n\t\t<\/div>\n\t\t\t\t<div class=\"elementor-column elementor-col-50 elementor-top-column elementor-element elementor-element-4a53c0b\" data-id=\"4a53c0b\" data-element_type=\"column\">\n\t\t\t<div class=\"elementor-column-wrap elementor-element-populated\">\n\t\t\t\t\t\t\t<div class=\"elementor-widget-wrap\">\n\t\t\t\t\t\t<div class=\"elementor-element elementor-element-6690fb2 elementor-widget elementor-widget-text-editor\" data-id=\"6690fb2\" data-element_type=\"widget\" data-widget_type=\"text-editor.default\">\n\t\t\t\t<div class=\"elementor-widget-container\">\n\t\t\t\t\t\t\t\t<div class=\"elementor-text-editor elementor-clearfix\">\n\t\t\t\t<p><strong><span style=\"color: #000000;\">Bolet\u00edn UIA 1971-1988<\/span><\/strong><\/p><p style=\"text-align: justify;\"><span style=\"color: #000000;\">A d\u00edas de la conmemoraci\u00f3n del nacimiento de la Universidad y con el aniversario en ciernes de diferentes programas acad\u00e9micos compartimos informaci\u00f3n sobre los acervos y materiales que integran el Archivo Hist\u00f3rico Universitario, resguardado en el \u00e1rea de Acervos Hist\u00f3ricos de la Biblioteca Francisco Xavier Clavigero. Estos materiales posibilitan acercamientos a la memoria institucional, a las vivencias y a la interacci\u00f3n con la sociedad que la Ibero ha tenido a lo largo de sus 79 a\u00f1os.<\/span><\/p><p><a href=\"https:\/\/www.bib.ibero.mx\/site\/wp-content\/uploads\/2022\/04\/Efem\u00e9ride-Bolet\u00edn-UIA.pdf\" data-wplink-edit=\"true\">VER M\u00c1S<\/a><\/p>\t\t\t\t\t<\/div>\n\t\t\t\t\t\t<\/div>\n\t\t\t\t<\/div>\n\t\t\t\t\t\t<\/div>\n\t\t\t\t\t<\/div>\n\t\t<\/div>\n\t\t\t\t\t\t\t\t<\/div>\n\t\t\t\t\t<\/div>\n\t\t<\/section>\n\t\t\t\t<section class=\"elementor-section elementor-top-section elementor-element elementor-element-3374e46 elementor-section-boxed elementor-section-height-default elementor-section-height-default\" data-id=\"3374e46\" data-element_type=\"section\">\n\t\t\t\t\t\t<div class=\"elementor-container elementor-column-gap-default\">\n\t\t\t\t\t\t\t<div class=\"elementor-row\">\n\t\t\t\t\t<div class=\"elementor-column elementor-col-100 elementor-top-column elementor-element elementor-element-200e46b\" data-id=\"200e46b\" data-element_type=\"column\">\n\t\t\t<div class=\"elementor-column-wrap\">\n\t\t\t\t\t\t\t<div class=\"elementor-widget-wrap\">\n\t\t\t\t\t\t\t\t<\/div>\n\t\t\t\t\t<\/div>\n\t\t<\/div>\n\t\t\t\t\t\t\t\t<\/div>\n\t\t\t\t\t<\/div>\n\t\t<\/section>\n\t\t\t\t\t\t\t\t\t<\/div>\n\t\t\t<\/div>\n\t\t\t\t\t<\/div>\n\t\t","protected":false},"excerpt":{"rendered":"<p>ARCHIVO HIST\u00d3RICO DE LA UNIVERSIDAD IBEROAMERICANA Bolet\u00edn UIA 1971-1988 A d\u00edas de la conmemoraci\u00f3n del nacimiento de la Universidad y con el aniversario en ciernes de diferentes programas acad\u00e9micos compartimos informaci\u00f3n sobre los acervos y materiales que integran el Archivo<\/p>\n","protected":false},"author":2,"featured_media":0,"parent":2074,"menu_order":0,"comment_status":"closed","ping_status":"closed","template":"","meta":[],"_links":{"self":[{"href":"https:\/\/www.bib.ibero.mx\/site\/index.php\/wp-json\/wp\/v2\/pages\/8608"}],"collection":[{"href":"https:\/\/www.bib.ibero.mx\/site\/index.php\/wp-json\/wp\/v2\/pages"}],"about":[{"href":"https:\/\/www.bib.ibero.mx\/site\/index.php\/wp-json\/wp\/v2\/types\/page"}],"author":[{"embeddable":true,"href":"https:\/\/www.bib.ibero.mx\/site\/index.php\/wp-json\/wp\/v2\/users\/2"}],"replies":[{"embeddable":true,"href":"https:\/\/www.bib.ibero.mx\/site\/index.php\/wp-json\/wp\/v2\/comments?post=8608"}],"version-history":[{"count":19,"href":"https:\/\/www.bib.ibero.mx\/site\/index.php\/wp-json\/wp\/v2\/pages\/8608\/revisions"}],"predecessor-version":[{"id":15047,"href":"https:\/\/www.bib.ibero.mx\/site\/index.php\/wp-json\/wp\/v2\/pages\/8608\/revisions\/15047"}],"up":[{"embeddable":true,"href":"https:\/\/www.bib.ibero.mx\/site\/index.php\/wp-json\/wp\/v2\/pages\/2074"}],"wp:attachment":[{"href":"https:\/\/www.bib.ibero.mx\/site\/index.php\/wp-json\/wp\/v2\/media?parent=8608"}],"curies":[{"name":"wp","href":"https:\/\/api.w.org\/{rel}","templated":true}]}}