{"id":543,"date":"2019-01-22T12:37:47","date_gmt":"2019-01-22T18:37:47","guid":{"rendered":"http:\/\/www.bib.ibero.mx\/site\/?page_id=543"},"modified":"2021-04-27T13:51:41","modified_gmt":"2021-04-27T18:51:41","slug":"desbloqueo-para-reinscripcion","status":"publish","type":"page","link":"https:\/\/www.bib.ibero.mx\/site\/index.php\/inicio\/desbloqueo-para-reinscripcion\/","title":{"rendered":"Desbloqueo para Reinscripci\u00f3n"},"content":{"rendered":"\t\t<div data-elementor-type=\"wp-post\" data-elementor-id=\"543\" class=\"elementor elementor-543 elementor-bc-flex-widget\">\n\t\t\t\t\t\t<div class=\"elementor-inner\">\n\t\t\t\t<div class=\"elementor-section-wrap\">\n\t\t\t\t\t\t\t\t\t<section class=\"elementor-section elementor-top-section elementor-element elementor-element-6d3a20c elementor-section-boxed elementor-section-height-default elementor-section-height-default\" data-id=\"6d3a20c\" data-element_type=\"section\">\n\t\t\t\t\t\t<div class=\"elementor-container elementor-column-gap-default\">\n\t\t\t\t\t\t\t<div class=\"elementor-row\">\n\t\t\t\t\t<div class=\"elementor-column elementor-col-100 elementor-top-column elementor-element elementor-element-71d1879\" data-id=\"71d1879\" data-element_type=\"column\">\n\t\t\t<div class=\"elementor-column-wrap elementor-element-populated\">\n\t\t\t\t\t\t\t<div class=\"elementor-widget-wrap\">\n\t\t\t\t\t\t<div class=\"elementor-element elementor-element-8c8f832 elementor-widget elementor-widget-text-editor\" data-id=\"8c8f832\" data-element_type=\"widget\" data-widget_type=\"text-editor.default\">\n\t\t\t\t<div class=\"elementor-widget-container\">\n\t\t\t\t\t\t\t\t<div class=\"elementor-text-editor elementor-clearfix\">\n\t\t\t\t<p style=\"font-variant-ligatures: normal; font-variant-caps: normal; font-style: normal; font-weight: 400;\"><strong><span style=\"color: #808080;\">\u00bfQu\u00e9 es ?<\/span><\/strong><\/p><p style=\"font-variant-ligatures: normal; font-variant-caps: normal; font-style: normal; font-weight: 400;\"><span style=\"font-size: 16px; color: #ff0000;\">Tu reinscripci\u00f3n se bloquea si adeudas materiales o multas a la Biblioteca. S\u00f3lo podr\u00e1s inscribirte si cubres estos adeudos.<\/span><\/p><p style=\"font-variant-ligatures: normal; font-variant-caps: normal; font-style: normal; font-weight: 400;\"><strong><span style=\"color: #808080;\">Procedimiento<\/span><\/strong><\/p><p style=\"font-variant-ligatures: normal; font-variant-caps: normal; font-style: normal; font-weight: 400;\">1. Durante el procedimiento de preinscripci\u00f3n y reinscripci\u00f3n, revisa en la Direcci\u00f3n de Servicios Escolares si est\u00e1s bloqueado por adeudos con la Biblioteca.<\/p><p style=\"font-variant-ligatures: normal; font-variant-caps: normal; font-style: normal; font-weight: 400;\">2. Si est\u00e1s bloqueado, acude al mostrador de circulaci\u00f3n para cubrir esos adeudos de acuerdo a las cuotas y sanciones vigentes . Hazlo antes del periodo de ajustes de la reinscripci\u00f3n.<\/p>\t\t\t\t\t<\/div>\n\t\t\t\t\t\t<\/div>\n\t\t\t\t<\/div>\n\t\t\t\t\t\t<\/div>\n\t\t\t\t\t<\/div>\n\t\t<\/div>\n\t\t\t\t\t\t\t\t<\/div>\n\t\t\t\t\t<\/div>\n\t\t<\/section>\n\t\t\t\t\t\t\t\t\t<\/div>\n\t\t\t<\/div>\n\t\t\t\t\t<\/div>\n\t\t","protected":false},"excerpt":{"rendered":"<p>\u00bfQu\u00e9 es ? Tu reinscripci\u00f3n se bloquea si adeudas materiales o multas a la Biblioteca. S\u00f3lo podr\u00e1s inscribirte si cubres estos adeudos. Procedimiento 1. Durante el procedimiento de preinscripci\u00f3n y reinscripci\u00f3n, revisa en la Direcci\u00f3n de Servicios Escolares si est\u00e1s<\/p>\n","protected":false},"author":2,"featured_media":0,"parent":5,"menu_order":11,"comment_status":"closed","ping_status":"closed","template":"","meta":[],"_links":{"self":[{"href":"https:\/\/www.bib.ibero.mx\/site\/index.php\/wp-json\/wp\/v2\/pages\/543"}],"collection":[{"href":"https:\/\/www.bib.ibero.mx\/site\/index.php\/wp-json\/wp\/v2\/pages"}],"about":[{"href":"https:\/\/www.bib.ibero.mx\/site\/index.php\/wp-json\/wp\/v2\/types\/page"}],"author":[{"embeddable":true,"href":"https:\/\/www.bib.ibero.mx\/site\/index.php\/wp-json\/wp\/v2\/users\/2"}],"replies":[{"embeddable":true,"href":"https:\/\/www.bib.ibero.mx\/site\/index.php\/wp-json\/wp\/v2\/comments?post=543"}],"version-history":[{"count":3,"href":"https:\/\/www.bib.ibero.mx\/site\/index.php\/wp-json\/wp\/v2\/pages\/543\/revisions"}],"predecessor-version":[{"id":943,"href":"https:\/\/www.bib.ibero.mx\/site\/index.php\/wp-json\/wp\/v2\/pages\/543\/revisions\/943"}],"up":[{"embeddable":true,"href":"https:\/\/www.bib.ibero.mx\/site\/index.php\/wp-json\/wp\/v2\/pages\/5"}],"wp:attachment":[{"href":"https:\/\/www.bib.ibero.mx\/site\/index.php\/wp-json\/wp\/v2\/media?parent=543"}],"curies":[{"name":"wp","href":"https:\/\/api.w.org\/{rel}","templated":true}]}}