{"id":5259,"date":"2021-06-22T14:49:38","date_gmt":"2021-06-22T19:49:38","guid":{"rendered":"https:\/\/www.bib.ibero.mx\/site\/?page_id=5259"},"modified":"2021-06-28T13:03:48","modified_gmt":"2021-06-28T18:03:48","slug":"alegria","status":"publish","type":"page","link":"https:\/\/www.bib.ibero.mx\/site\/index.php\/mariana-yampolsky-2\/alegria\/","title":{"rendered":"Alegr\u00eda"},"content":{"rendered":"\t\t<div data-elementor-type=\"wp-page\" data-elementor-id=\"5259\" class=\"elementor elementor-5259\">\n\t\t\t\t\t\t<div class=\"elementor-inner\">\n\t\t\t\t<div class=\"elementor-section-wrap\">\n\t\t\t\t\t\t\t\t\t<section class=\"elementor-section elementor-top-section elementor-element elementor-element-e417c95 elementor-section-boxed elementor-section-height-default elementor-section-height-default\" data-id=\"e417c95\" data-element_type=\"section\">\n\t\t\t\t\t\t<div class=\"elementor-container elementor-column-gap-default\">\n\t\t\t\t\t\t\t<div class=\"elementor-row\">\n\t\t\t\t\t<div class=\"elementor-column elementor-col-33 elementor-top-column elementor-element elementor-element-7142a12\" data-id=\"7142a12\" data-element_type=\"column\">\n\t\t\t<div class=\"elementor-column-wrap elementor-element-populated\">\n\t\t\t\t\t\t\t<div class=\"elementor-widget-wrap\">\n\t\t\t\t\t\t<div class=\"elementor-element elementor-element-9ec7ed4 elementor-view-default elementor-widget elementor-widget-icon\" data-id=\"9ec7ed4\" data-element_type=\"widget\" data-widget_type=\"icon.default\">\n\t\t\t\t<div class=\"elementor-widget-container\">\n\t\t\t\t\t<div class=\"elementor-icon-wrapper\">\n\t\t\t<a class=\"elementor-icon\" href=\"https:\/\/www.bib.ibero.mx\/site\/index.php\/mariana-yampolsky-2\/\">\n\t\t\t<i aria-hidden=\"true\" class=\"fas fa-home\"><\/i>\t\t\t<\/a>\n\t\t<\/div>\n\t\t\t\t<\/div>\n\t\t\t\t<\/div>\n\t\t\t\t\t\t<\/div>\n\t\t\t\t\t<\/div>\n\t\t<\/div>\n\t\t\t\t<div class=\"elementor-column elementor-col-33 elementor-top-column elementor-element elementor-element-6e6fb1f\" data-id=\"6e6fb1f\" data-element_type=\"column\">\n\t\t\t<div class=\"elementor-column-wrap\">\n\t\t\t\t\t\t\t<div class=\"elementor-widget-wrap\">\n\t\t\t\t\t\t\t\t<\/div>\n\t\t\t\t\t<\/div>\n\t\t<\/div>\n\t\t\t\t<div class=\"elementor-column elementor-col-33 elementor-top-column elementor-element elementor-element-4c3888a\" data-id=\"4c3888a\" data-element_type=\"column\">\n\t\t\t<div class=\"elementor-column-wrap\">\n\t\t\t\t\t\t\t<div class=\"elementor-widget-wrap\">\n\t\t\t\t\t\t\t\t<\/div>\n\t\t\t\t\t<\/div>\n\t\t<\/div>\n\t\t\t\t\t\t\t\t<\/div>\n\t\t\t\t\t<\/div>\n\t\t<\/section>\n\t\t\t\t<section class=\"elementor-section elementor-top-section elementor-element elementor-element-852cdb7 elementor-section-boxed elementor-section-height-default elementor-section-height-default\" data-id=\"852cdb7\" data-element_type=\"section\">\n\t\t\t\t\t\t<div class=\"elementor-container elementor-column-gap-default\">\n\t\t\t\t\t\t\t<div class=\"elementor-row\">\n\t\t\t\t\t<div class=\"elementor-column elementor-col-100 elementor-top-column elementor-element elementor-element-3c8d2ff\" data-id=\"3c8d2ff\" data-element_type=\"column\">\n\t\t\t<div class=\"elementor-column-wrap elementor-element-populated\">\n\t\t\t\t\t\t\t<div class=\"elementor-widget-wrap\">\n\t\t\t\t\t\t<div class=\"elementor-element elementor-element-8553987 elementor-widget elementor-widget-text-editor\" data-id=\"8553987\" data-element_type=\"widget\" data-widget_type=\"text-editor.default\">\n\t\t\t\t<div class=\"elementor-widget-container\">\n\t\t\t\t\t\t\t\t<div class=\"elementor-text-editor elementor-clearfix\">\n\t\t\t\t<p><em>Lo esencial para m\u00ed es tener la oportunidad de expresarme y hablar y mostrar lo que quiero decir a trav\u00e9s de mis im\u00e1genes.<\/em><\/p><p style=\"text-align: right;\">Mariana Yampolsky<\/p>\t\t\t\t\t<\/div>\n\t\t\t\t\t\t<\/div>\n\t\t\t\t<\/div>\n\t\t\t\t\t\t<\/div>\n\t\t\t\t\t<\/div>\n\t\t<\/div>\n\t\t\t\t\t\t\t\t<\/div>\n\t\t\t\t\t<\/div>\n\t\t<\/section>\n\t\t\t\t<section class=\"elementor-section elementor-top-section elementor-element elementor-element-52a59a6 elementor-section-boxed elementor-section-height-default elementor-section-height-default\" data-id=\"52a59a6\" data-element_type=\"section\">\n\t\t\t\t\t\t<div class=\"elementor-container elementor-column-gap-default\">\n\t\t\t\t\t\t\t<div class=\"elementor-row\">\n\t\t\t\t\t<div class=\"elementor-column elementor-col-100 elementor-top-column elementor-element elementor-element-5459932\" data-id=\"5459932\" data-element_type=\"column\">\n\t\t\t<div class=\"elementor-column-wrap elementor-element-populated\">\n\t\t\t\t\t\t\t<div class=\"elementor-widget-wrap\">\n\t\t\t\t\t\t<div class=\"elementor-element elementor-element-cf0ecf1 elementor-widget elementor-widget-image-gallery\" data-id=\"cf0ecf1\" data-element_type=\"widget\" data-widget_type=\"image-gallery.default\">\n\t\t\t\t<div class=\"elementor-widget-container\">\n\t\t\t\t\t<div class=\"elementor-image-gallery\">\n\t\t\t<div id='gallery-1' class='gallery galleryid-5259 gallery-columns-4 gallery-size-thumbnail'><figure class='gallery-item'>\n\t\t\t<div class='gallery-icon landscape'>\n\t\t\t\t<a data-elementor-open-lightbox=\"yes\" data-elementor-lightbox-slideshow=\"cf0ecf1\" data-elementor-lightbox-title=\"Al_01_1\" data-e-action-hash=\"#elementor-action%3Aaction%3Dlightbox%26settings%3DeyJpZCI6NTI2MSwidXJsIjoiaHR0cHM6XC9cL3d3dy5iaWIuaWJlcm8ubXhcL3NpdGVcL3dwLWNvbnRlbnRcL3VwbG9hZHNcLzIwMjFcLzA2XC9BbF8wMV8xLS5qcGciLCJzbGlkZXNob3ciOiJjZjBlY2YxIn0%3D\" href='https:\/\/www.bib.ibero.mx\/site\/wp-content\/uploads\/2021\/06\/Al_01_1-.jpg'><img width=\"150\" height=\"150\" src=\"https:\/\/www.bib.ibero.mx\/site\/wp-content\/uploads\/2021\/06\/Al_01_1--150x150.jpg\" class=\"attachment-thumbnail size-thumbnail\" alt=\"Alegr\u00eda\" decoding=\"async\" loading=\"lazy\" srcset=\"https:\/\/www.bib.ibero.mx\/site\/wp-content\/uploads\/2021\/06\/Al_01_1--150x150.jpg 150w, https:\/\/www.bib.ibero.mx\/site\/wp-content\/uploads\/2021\/06\/Al_01_1--270x270.jpg 270w, https:\/\/www.bib.ibero.mx\/site\/wp-content\/uploads\/2021\/06\/Al_01_1--230x230.jpg 230w\" sizes=\"(max-width: 150px) 100vw, 150px\" \/><\/a>\n\t\t\t<\/div><\/figure><figure class='gallery-item'>\n\t\t\t<div class='gallery-icon landscape'>\n\t\t\t\t<a data-elementor-open-lightbox=\"yes\" data-elementor-lightbox-slideshow=\"cf0ecf1\" data-elementor-lightbox-title=\"Al_02_14\" data-e-action-hash=\"#elementor-action%3Aaction%3Dlightbox%26settings%3DeyJpZCI6NTI2MiwidXJsIjoiaHR0cHM6XC9cL3d3dy5iaWIuaWJlcm8ubXhcL3NpdGVcL3dwLWNvbnRlbnRcL3VwbG9hZHNcLzIwMjFcLzA2XC9BbF8wMl8xNC5qcGciLCJzbGlkZXNob3ciOiJjZjBlY2YxIn0%3D\" href='https:\/\/www.bib.ibero.mx\/site\/wp-content\/uploads\/2021\/06\/Al_02_14.jpg'><img width=\"150\" height=\"150\" src=\"https:\/\/www.bib.ibero.mx\/site\/wp-content\/uploads\/2021\/06\/Al_02_14-150x150.jpg\" class=\"attachment-thumbnail size-thumbnail\" alt=\"\" decoding=\"async\" loading=\"lazy\" srcset=\"https:\/\/www.bib.ibero.mx\/site\/wp-content\/uploads\/2021\/06\/Al_02_14-150x150.jpg 150w, https:\/\/www.bib.ibero.mx\/site\/wp-content\/uploads\/2021\/06\/Al_02_14-270x270.jpg 270w, https:\/\/www.bib.ibero.mx\/site\/wp-content\/uploads\/2021\/06\/Al_02_14-230x230.jpg 230w\" sizes=\"(max-width: 150px) 100vw, 150px\" \/><\/a>\n\t\t\t<\/div><\/figure><figure class='gallery-item'>\n\t\t\t<div class='gallery-icon landscape'>\n\t\t\t\t<a data-elementor-open-lightbox=\"yes\" data-elementor-lightbox-slideshow=\"cf0ecf1\" data-elementor-lightbox-title=\"Al_03_50\" data-e-action-hash=\"#elementor-action%3Aaction%3Dlightbox%26settings%3DeyJpZCI6NTI2MywidXJsIjoiaHR0cHM6XC9cL3d3dy5iaWIuaWJlcm8ubXhcL3NpdGVcL3dwLWNvbnRlbnRcL3VwbG9hZHNcLzIwMjFcLzA2XC9BbF8wM181MC5qcGciLCJzbGlkZXNob3ciOiJjZjBlY2YxIn0%3D\" href='https:\/\/www.bib.ibero.mx\/site\/wp-content\/uploads\/2021\/06\/Al_03_50.jpg'><img width=\"150\" height=\"150\" src=\"https:\/\/www.bib.ibero.mx\/site\/wp-content\/uploads\/2021\/06\/Al_03_50-150x150.jpg\" class=\"attachment-thumbnail size-thumbnail\" alt=\"\" decoding=\"async\" loading=\"lazy\" srcset=\"https:\/\/www.bib.ibero.mx\/site\/wp-content\/uploads\/2021\/06\/Al_03_50-150x150.jpg 150w, https:\/\/www.bib.ibero.mx\/site\/wp-content\/uploads\/2021\/06\/Al_03_50-270x270.jpg 270w, https:\/\/www.bib.ibero.mx\/site\/wp-content\/uploads\/2021\/06\/Al_03_50-230x230.jpg 230w\" sizes=\"(max-width: 150px) 100vw, 150px\" \/><\/a>\n\t\t\t<\/div><\/figure><figure class='gallery-item'>\n\t\t\t<div class='gallery-icon landscape'>\n\t\t\t\t<a data-elementor-open-lightbox=\"yes\" data-elementor-lightbox-slideshow=\"cf0ecf1\" data-elementor-lightbox-title=\"Al_04_53\" data-e-action-hash=\"#elementor-action%3Aaction%3Dlightbox%26settings%3DeyJpZCI6NTI2NCwidXJsIjoiaHR0cHM6XC9cL3d3dy5iaWIuaWJlcm8ubXhcL3NpdGVcL3dwLWNvbnRlbnRcL3VwbG9hZHNcLzIwMjFcLzA2XC9BbF8wNF81My5qcGciLCJzbGlkZXNob3ciOiJjZjBlY2YxIn0%3D\" href='https:\/\/www.bib.ibero.mx\/site\/wp-content\/uploads\/2021\/06\/Al_04_53.jpg'><img width=\"150\" height=\"150\" src=\"https:\/\/www.bib.ibero.mx\/site\/wp-content\/uploads\/2021\/06\/Al_04_53-150x150.jpg\" class=\"attachment-thumbnail size-thumbnail\" alt=\"\" decoding=\"async\" loading=\"lazy\" srcset=\"https:\/\/www.bib.ibero.mx\/site\/wp-content\/uploads\/2021\/06\/Al_04_53-150x150.jpg 150w, https:\/\/www.bib.ibero.mx\/site\/wp-content\/uploads\/2021\/06\/Al_04_53-270x270.jpg 270w, https:\/\/www.bib.ibero.mx\/site\/wp-content\/uploads\/2021\/06\/Al_04_53-230x230.jpg 230w\" sizes=\"(max-width: 150px) 100vw, 150px\" \/><\/a>\n\t\t\t<\/div><\/figure><figure class='gallery-item'>\n\t\t\t<div class='gallery-icon landscape'>\n\t\t\t\t<a data-elementor-open-lightbox=\"yes\" data-elementor-lightbox-slideshow=\"cf0ecf1\" data-elementor-lightbox-title=\"Al_05_54\" data-e-action-hash=\"#elementor-action%3Aaction%3Dlightbox%26settings%3DeyJpZCI6NTI2NSwidXJsIjoiaHR0cHM6XC9cL3d3dy5iaWIuaWJlcm8ubXhcL3NpdGVcL3dwLWNvbnRlbnRcL3VwbG9hZHNcLzIwMjFcLzA2XC9BbF8wNV81NC5qcGciLCJzbGlkZXNob3ciOiJjZjBlY2YxIn0%3D\" href='https:\/\/www.bib.ibero.mx\/site\/wp-content\/uploads\/2021\/06\/Al_05_54.jpg'><img width=\"150\" height=\"150\" src=\"https:\/\/www.bib.ibero.mx\/site\/wp-content\/uploads\/2021\/06\/Al_05_54-150x150.jpg\" class=\"attachment-thumbnail size-thumbnail\" alt=\"\" decoding=\"async\" loading=\"lazy\" srcset=\"https:\/\/www.bib.ibero.mx\/site\/wp-content\/uploads\/2021\/06\/Al_05_54-150x150.jpg 150w, https:\/\/www.bib.ibero.mx\/site\/wp-content\/uploads\/2021\/06\/Al_05_54-270x270.jpg 270w, https:\/\/www.bib.ibero.mx\/site\/wp-content\/uploads\/2021\/06\/Al_05_54-230x230.jpg 230w\" sizes=\"(max-width: 150px) 100vw, 150px\" \/><\/a>\n\t\t\t<\/div><\/figure><figure class='gallery-item'>\n\t\t\t<div class='gallery-icon landscape'>\n\t\t\t\t<a data-elementor-open-lightbox=\"yes\" data-elementor-lightbox-slideshow=\"cf0ecf1\" data-elementor-lightbox-title=\"Al_06_66\" data-e-action-hash=\"#elementor-action%3Aaction%3Dlightbox%26settings%3DeyJpZCI6NTI2NiwidXJsIjoiaHR0cHM6XC9cL3d3dy5iaWIuaWJlcm8ubXhcL3NpdGVcL3dwLWNvbnRlbnRcL3VwbG9hZHNcLzIwMjFcLzA2XC9BbF8wNl82Ni5qcGciLCJzbGlkZXNob3ciOiJjZjBlY2YxIn0%3D\" href='https:\/\/www.bib.ibero.mx\/site\/wp-content\/uploads\/2021\/06\/Al_06_66.jpg'><img width=\"150\" height=\"150\" src=\"https:\/\/www.bib.ibero.mx\/site\/wp-content\/uploads\/2021\/06\/Al_06_66-150x150.jpg\" class=\"attachment-thumbnail size-thumbnail\" alt=\"\" decoding=\"async\" loading=\"lazy\" srcset=\"https:\/\/www.bib.ibero.mx\/site\/wp-content\/uploads\/2021\/06\/Al_06_66-150x150.jpg 150w, https:\/\/www.bib.ibero.mx\/site\/wp-content\/uploads\/2021\/06\/Al_06_66-270x270.jpg 270w, https:\/\/www.bib.ibero.mx\/site\/wp-content\/uploads\/2021\/06\/Al_06_66-230x230.jpg 230w\" sizes=\"(max-width: 150px) 100vw, 150px\" \/><\/a>\n\t\t\t<\/div><\/figure><figure class='gallery-item'>\n\t\t\t<div class='gallery-icon landscape'>\n\t\t\t\t<a data-elementor-open-lightbox=\"yes\" data-elementor-lightbox-slideshow=\"cf0ecf1\" data-elementor-lightbox-title=\"Al_07_alegria_1\" data-e-action-hash=\"#elementor-action%3Aaction%3Dlightbox%26settings%3DeyJpZCI6NTI2NywidXJsIjoiaHR0cHM6XC9cL3d3dy5iaWIuaWJlcm8ubXhcL3NpdGVcL3dwLWNvbnRlbnRcL3VwbG9hZHNcLzIwMjFcLzA2XC9BbF8wN19hbGVncmlhXzEuanBnIiwic2xpZGVzaG93IjoiY2YwZWNmMSJ9\" href='https:\/\/www.bib.ibero.mx\/site\/wp-content\/uploads\/2021\/06\/Al_07_alegria_1.jpg'><img width=\"150\" height=\"150\" src=\"https:\/\/www.bib.ibero.mx\/site\/wp-content\/uploads\/2021\/06\/Al_07_alegria_1-150x150.jpg\" class=\"attachment-thumbnail size-thumbnail\" alt=\"\" decoding=\"async\" loading=\"lazy\" srcset=\"https:\/\/www.bib.ibero.mx\/site\/wp-content\/uploads\/2021\/06\/Al_07_alegria_1-150x150.jpg 150w, https:\/\/www.bib.ibero.mx\/site\/wp-content\/uploads\/2021\/06\/Al_07_alegria_1-270x270.jpg 270w, https:\/\/www.bib.ibero.mx\/site\/wp-content\/uploads\/2021\/06\/Al_07_alegria_1-230x230.jpg 230w\" sizes=\"(max-width: 150px) 100vw, 150px\" \/><\/a>\n\t\t\t<\/div><\/figure><figure class='gallery-item'>\n\t\t\t<div class='gallery-icon landscape'>\n\t\t\t\t<a data-elementor-open-lightbox=\"yes\" data-elementor-lightbox-slideshow=\"cf0ecf1\" data-elementor-lightbox-title=\"Al_08_alegria_2\" data-e-action-hash=\"#elementor-action%3Aaction%3Dlightbox%26settings%3DeyJpZCI6NTI2OCwidXJsIjoiaHR0cHM6XC9cL3d3dy5iaWIuaWJlcm8ubXhcL3NpdGVcL3dwLWNvbnRlbnRcL3VwbG9hZHNcLzIwMjFcLzA2XC9BbF8wOF9hbGVncmlhXzIuanBnIiwic2xpZGVzaG93IjoiY2YwZWNmMSJ9\" href='https:\/\/www.bib.ibero.mx\/site\/wp-content\/uploads\/2021\/06\/Al_08_alegria_2.jpg'><img width=\"150\" height=\"150\" src=\"https:\/\/www.bib.ibero.mx\/site\/wp-content\/uploads\/2021\/06\/Al_08_alegria_2-150x150.jpg\" class=\"attachment-thumbnail size-thumbnail\" alt=\"\" decoding=\"async\" loading=\"lazy\" srcset=\"https:\/\/www.bib.ibero.mx\/site\/wp-content\/uploads\/2021\/06\/Al_08_alegria_2-150x150.jpg 150w, https:\/\/www.bib.ibero.mx\/site\/wp-content\/uploads\/2021\/06\/Al_08_alegria_2-270x270.jpg 270w, https:\/\/www.bib.ibero.mx\/site\/wp-content\/uploads\/2021\/06\/Al_08_alegria_2-230x230.jpg 230w\" sizes=\"(max-width: 150px) 100vw, 150px\" \/><\/a>\n\t\t\t<\/div><\/figure><figure class='gallery-item'>\n\t\t\t<div class='gallery-icon portrait'>\n\t\t\t\t<a data-elementor-open-lightbox=\"yes\" data-elementor-lightbox-slideshow=\"cf0ecf1\" data-elementor-lightbox-title=\"Al_09_alegria_4\" data-e-action-hash=\"#elementor-action%3Aaction%3Dlightbox%26settings%3DeyJpZCI6NTI2OSwidXJsIjoiaHR0cHM6XC9cL3d3dy5iaWIuaWJlcm8ubXhcL3NpdGVcL3dwLWNvbnRlbnRcL3VwbG9hZHNcLzIwMjFcLzA2XC9BbF8wOV9hbGVncmlhXzQuanBnIiwic2xpZGVzaG93IjoiY2YwZWNmMSJ9\" href='https:\/\/www.bib.ibero.mx\/site\/wp-content\/uploads\/2021\/06\/Al_09_alegria_4.jpg'><img width=\"150\" height=\"150\" src=\"https:\/\/www.bib.ibero.mx\/site\/wp-content\/uploads\/2021\/06\/Al_09_alegria_4-150x150.jpg\" class=\"attachment-thumbnail size-thumbnail\" alt=\"\" decoding=\"async\" loading=\"lazy\" srcset=\"https:\/\/www.bib.ibero.mx\/site\/wp-content\/uploads\/2021\/06\/Al_09_alegria_4-150x150.jpg 150w, https:\/\/www.bib.ibero.mx\/site\/wp-content\/uploads\/2021\/06\/Al_09_alegria_4-270x270.jpg 270w, https:\/\/www.bib.ibero.mx\/site\/wp-content\/uploads\/2021\/06\/Al_09_alegria_4-230x230.jpg 230w\" sizes=\"(max-width: 150px) 100vw, 150px\" \/><\/a>\n\t\t\t<\/div><\/figure>\n\t\t<\/div>\n\t\t<\/div>\n\t\t\t\t<\/div>\n\t\t\t\t<\/div>\n\t\t\t\t\t\t<\/div>\n\t\t\t\t\t<\/div>\n\t\t<\/div>\n\t\t\t\t\t\t\t\t<\/div>\n\t\t\t\t\t<\/div>\n\t\t<\/section>\n\t\t\t\t\t\t\t\t\t<\/div>\n\t\t\t<\/div>\n\t\t\t\t\t<\/div>\n\t\t","protected":false},"excerpt":{"rendered":"<p>Lo esencial para m\u00ed es tener la oportunidad de expresarme y hablar y mostrar lo que quiero decir a trav\u00e9s de mis im\u00e1genes. Mariana Yampolsky<\/p>\n","protected":false},"author":2,"featured_media":0,"parent":5142,"menu_order":1,"comment_status":"closed","ping_status":"closed","template":"","meta":[],"_links":{"self":[{"href":"https:\/\/www.bib.ibero.mx\/site\/index.php\/wp-json\/wp\/v2\/pages\/5259"}],"collection":[{"href":"https:\/\/www.bib.ibero.mx\/site\/index.php\/wp-json\/wp\/v2\/pages"}],"about":[{"href":"https:\/\/www.bib.ibero.mx\/site\/index.php\/wp-json\/wp\/v2\/types\/page"}],"author":[{"embeddable":true,"href":"https:\/\/www.bib.ibero.mx\/site\/index.php\/wp-json\/wp\/v2\/users\/2"}],"replies":[{"embeddable":true,"href":"https:\/\/www.bib.ibero.mx\/site\/index.php\/wp-json\/wp\/v2\/comments?post=5259"}],"version-history":[{"count":16,"href":"https:\/\/www.bib.ibero.mx\/site\/index.php\/wp-json\/wp\/v2\/pages\/5259\/revisions"}],"predecessor-version":[{"id":5375,"href":"https:\/\/www.bib.ibero.mx\/site\/index.php\/wp-json\/wp\/v2\/pages\/5259\/revisions\/5375"}],"up":[{"embeddable":true,"href":"https:\/\/www.bib.ibero.mx\/site\/index.php\/wp-json\/wp\/v2\/pages\/5142"}],"wp:attachment":[{"href":"https:\/\/www.bib.ibero.mx\/site\/index.php\/wp-json\/wp\/v2\/media?parent=5259"}],"curies":[{"name":"wp","href":"https:\/\/api.w.org\/{rel}","templated":true}]}}