{"id":518,"date":"2019-01-18T12:29:28","date_gmt":"2019-01-18T18:29:28","guid":{"rendered":"http:\/\/www.bib.ibero.mx\/site\/?page_id=518"},"modified":"2021-04-27T13:35:49","modified_gmt":"2021-04-27T18:35:49","slug":"constancia-de-no-adeudo","status":"publish","type":"page","link":"https:\/\/www.bib.ibero.mx\/site\/index.php\/inicio\/constancia-de-no-adeudo\/","title":{"rendered":"Constancia de no Adeudo"},"content":{"rendered":"\t\t<div data-elementor-type=\"wp-post\" data-elementor-id=\"518\" class=\"elementor elementor-518 elementor-bc-flex-widget\">\n\t\t\t\t\t\t<div class=\"elementor-inner\">\n\t\t\t\t<div class=\"elementor-section-wrap\">\n\t\t\t\t\t\t\t\t\t<section class=\"elementor-section elementor-top-section elementor-element elementor-element-1902bceb elementor-section-boxed elementor-section-height-default elementor-section-height-default\" data-id=\"1902bceb\" data-element_type=\"section\">\n\t\t\t\t\t\t<div class=\"elementor-container elementor-column-gap-default\">\n\t\t\t\t\t\t\t<div class=\"elementor-row\">\n\t\t\t\t\t<div class=\"elementor-column elementor-col-100 elementor-top-column elementor-element elementor-element-3e43bf54\" data-id=\"3e43bf54\" data-element_type=\"column\">\n\t\t\t<div class=\"elementor-column-wrap elementor-element-populated\">\n\t\t\t\t\t\t\t<div class=\"elementor-widget-wrap\">\n\t\t\t\t\t\t<div class=\"elementor-element elementor-element-7c470bc9 elementor-widget elementor-widget-text-editor\" data-id=\"7c470bc9\" data-element_type=\"widget\" data-widget_type=\"text-editor.default\">\n\t\t\t\t<div class=\"elementor-widget-container\">\n\t\t\t\t\t\t\t\t<div class=\"elementor-text-editor elementor-clearfix\">\n\t\t\t\t<p><strong><span style=\"color: #808080;\">\u00bfQu\u00e9 es ?<\/span><\/strong><\/p><p>Consiste en colocar un sello sobre los formatos que expide la Direcci\u00f3n de Servicios Escolares cuando realizas alguno de estos tr\u00e1mites:<\/p><p>1. Titulaci\u00f3n de licenciatura o posgrado<br \/>2. Cambio de plantel<br \/>3. Baja de la Universidad<\/p><p><strong>Procedimiento<\/strong><\/p><p style=\"text-align: justify;\">Acude al mostrador de circulaci\u00f3n con el formato que te entregaron en Servicios Escolares. Verificaremos en nuestro sistema que no adeudes materiales o multas. De ser as\u00ed, sellaremos el formato para hacerlo constar.<\/p><p style=\"text-align: justify;\">En caso de que existiera un adeudo, deber\u00e1s cubrirlo de acuerdo a las cuotas y sanciones vigentes<\/p>\t\t\t\t\t<\/div>\n\t\t\t\t\t\t<\/div>\n\t\t\t\t<\/div>\n\t\t\t\t\t\t<\/div>\n\t\t\t\t\t<\/div>\n\t\t<\/div>\n\t\t\t\t\t\t\t\t<\/div>\n\t\t\t\t\t<\/div>\n\t\t<\/section>\n\t\t\t\t\t\t\t\t\t<\/div>\n\t\t\t<\/div>\n\t\t\t\t\t<\/div>\n\t\t","protected":false},"excerpt":{"rendered":"<p>\u00bfQu\u00e9 es ? Consiste en colocar un sello sobre los formatos que expide la Direcci\u00f3n de Servicios Escolares cuando realizas alguno de estos tr\u00e1mites: 1. Titulaci\u00f3n de licenciatura o posgrado2. Cambio de plantel3. Baja de la Universidad Procedimiento Acude al<\/p>\n","protected":false},"author":2,"featured_media":0,"parent":5,"menu_order":9,"comment_status":"closed","ping_status":"closed","template":"","meta":[],"_links":{"self":[{"href":"https:\/\/www.bib.ibero.mx\/site\/index.php\/wp-json\/wp\/v2\/pages\/518"}],"collection":[{"href":"https:\/\/www.bib.ibero.mx\/site\/index.php\/wp-json\/wp\/v2\/pages"}],"about":[{"href":"https:\/\/www.bib.ibero.mx\/site\/index.php\/wp-json\/wp\/v2\/types\/page"}],"author":[{"embeddable":true,"href":"https:\/\/www.bib.ibero.mx\/site\/index.php\/wp-json\/wp\/v2\/users\/2"}],"replies":[{"embeddable":true,"href":"https:\/\/www.bib.ibero.mx\/site\/index.php\/wp-json\/wp\/v2\/comments?post=518"}],"version-history":[{"count":3,"href":"https:\/\/www.bib.ibero.mx\/site\/index.php\/wp-json\/wp\/v2\/pages\/518\/revisions"}],"predecessor-version":[{"id":940,"href":"https:\/\/www.bib.ibero.mx\/site\/index.php\/wp-json\/wp\/v2\/pages\/518\/revisions\/940"}],"up":[{"embeddable":true,"href":"https:\/\/www.bib.ibero.mx\/site\/index.php\/wp-json\/wp\/v2\/pages\/5"}],"wp:attachment":[{"href":"https:\/\/www.bib.ibero.mx\/site\/index.php\/wp-json\/wp\/v2\/media?parent=518"}],"curies":[{"name":"wp","href":"https:\/\/api.w.org\/{rel}","templated":true}]}}