{"id":507,"date":"2019-01-18T10:56:00","date_gmt":"2019-01-18T16:56:00","guid":{"rendered":"http:\/\/www.bib.ibero.mx\/site\/?page_id=507"},"modified":"2025-10-24T10:55:01","modified_gmt":"2025-10-24T16:55:01","slug":"recepcion-de-tesis","status":"publish","type":"page","link":"https:\/\/www.bib.ibero.mx\/site\/index.php\/inicio\/recepcion-de-tesis\/","title":{"rendered":"Recepci\u00f3n de Tesis"},"content":{"rendered":"\t\t<div data-elementor-type=\"wp-post\" data-elementor-id=\"507\" class=\"elementor elementor-507\">\n\t\t\t\t\t\t<div class=\"elementor-inner\">\n\t\t\t\t<div class=\"elementor-section-wrap\">\n\t\t\t\t\t\t\t\t\t<section class=\"elementor-section elementor-top-section elementor-element elementor-element-c091eb2 elementor-section-stretched elementor-section-boxed elementor-section-height-default elementor-section-height-default\" data-id=\"c091eb2\" data-element_type=\"section\" data-settings=\"{&quot;stretch_section&quot;:&quot;section-stretched&quot;}\">\n\t\t\t\t\t\t<div class=\"elementor-container elementor-column-gap-default\">\n\t\t\t\t\t\t\t<div class=\"elementor-row\">\n\t\t\t\t\t<div class=\"elementor-column elementor-col-100 elementor-top-column elementor-element elementor-element-85b5956\" data-id=\"85b5956\" data-element_type=\"column\">\n\t\t\t<div class=\"elementor-column-wrap elementor-element-populated\">\n\t\t\t\t\t\t\t<div class=\"elementor-widget-wrap\">\n\t\t\t\t\t\t<div class=\"elementor-element elementor-element-c6689ae elementor-widget elementor-widget-image\" data-id=\"c6689ae\" data-element_type=\"widget\" data-widget_type=\"image.default\">\n\t\t\t\t<div class=\"elementor-widget-container\">\n\t\t\t\t\t\t\t\t<div class=\"elementor-image\">\n\t\t\t\t\t\t\t\t\t\t\t\t<img decoding=\"async\" width=\"700\" height=\"1575\" src=\"https:\/\/www.bib.ibero.mx\/site\/wp-content\/uploads\/2025\/10\/Tesis_infografia-700x1575.jpg\" class=\"attachment-large size-large wp-image-18174\" alt=\"\" loading=\"lazy\" srcset=\"https:\/\/www.bib.ibero.mx\/site\/wp-content\/uploads\/2025\/10\/Tesis_infografia-700x1575.jpg 700w, https:\/\/www.bib.ibero.mx\/site\/wp-content\/uploads\/2025\/10\/Tesis_infografia-133x300.jpg 133w, https:\/\/www.bib.ibero.mx\/site\/wp-content\/uploads\/2025\/10\/Tesis_infografia-768x1728.jpg 768w, https:\/\/www.bib.ibero.mx\/site\/wp-content\/uploads\/2025\/10\/Tesis_infografia-683x1536.jpg 683w, https:\/\/www.bib.ibero.mx\/site\/wp-content\/uploads\/2025\/10\/Tesis_infografia-910x2048.jpg 910w, https:\/\/www.bib.ibero.mx\/site\/wp-content\/uploads\/2025\/10\/Tesis_infografia-scaled.jpg 1138w\" sizes=\"(max-width: 700px) 100vw, 700px\" \/>\t\t\t\t\t\t\t\t\t\t\t\t\t\t<\/div>\n\t\t\t\t\t\t<\/div>\n\t\t\t\t<\/div>\n\t\t\t\t\t\t<\/div>\n\t\t\t\t\t<\/div>\n\t\t<\/div>\n\t\t\t\t\t\t\t\t<\/div>\n\t\t\t\t\t<\/div>\n\t\t<\/section>\n\t\t\t\t<section class=\"elementor-section elementor-top-section elementor-element elementor-element-bd702eb elementor-hidden-desktop elementor-hidden-tablet elementor-hidden-mobile elementor-section-boxed elementor-section-height-default elementor-section-height-default\" data-id=\"bd702eb\" data-element_type=\"section\">\n\t\t\t\t\t\t<div class=\"elementor-container elementor-column-gap-default\">\n\t\t\t\t\t\t\t<div class=\"elementor-row\">\n\t\t\t\t\t<div class=\"elementor-column elementor-col-100 elementor-top-column elementor-element elementor-element-64aa12a\" data-id=\"64aa12a\" data-element_type=\"column\">\n\t\t\t<div class=\"elementor-column-wrap elementor-element-populated\">\n\t\t\t\t\t\t\t<div class=\"elementor-widget-wrap\">\n\t\t\t\t\t\t<div class=\"elementor-element elementor-element-3d5b07c elementor-widget elementor-widget-text-editor\" data-id=\"3d5b07c\" data-element_type=\"widget\" data-widget_type=\"text-editor.default\">\n\t\t\t\t<div class=\"elementor-widget-container\">\n\t\t\t\t\t\t\t\t<div class=\"elementor-text-editor elementor-clearfix\">\n\t\t\t\t<p style=\"font-variant-ligatures: normal; font-variant-caps: normal; font-style: normal; font-weight: 400;\"><strong>\u00bfQu\u00e9 es ?.<\/strong><\/p><p style=\"font-variant-ligatures: normal; font-variant-caps: normal; font-style: normal; font-weight: 400;\">Es el resguardo y eventual publicaci\u00f3n electr\u00f3nica de las tesis y elaboradas por los egresados de los programas de maestr\u00eda o doctorado impartidos por la IBERO Ciudad de M\u00e9xico.<\/p><p style=\"font-variant-ligatures: normal; font-variant-caps: normal; font-style: normal; font-weight: 400;\">Desde agosto de 2004, la Biblioteca s\u00f3lo recibe estas tesis en formato digital.<\/p><p style=\"font-variant-ligatures: normal; font-variant-caps: normal; font-style: normal; font-weight: 400;\"><strong>Proceso.<\/strong><\/p><ul><li style=\"list-style-type: none;\"><ol><li>A continuaci\u00f3n encontrar\u00e1s\u00a0 los instructivos y materiales de apoyo que te permitir\u00e1n preparar los documentos digitales.<ul><li style=\"list-style-type: none;\">\u00a0<\/li><\/ul><table style=\"border-collapse: collapse; width: 104.255%; height: 57px;\"><tbody><tr style=\"height: 47px;\"><td style=\"width: 100%; height: 47px;\"><ul><li><span style=\"font-family: Lato, sans-serif; font-size: 16px; font-style: normal; font-variant-ligatures: normal; font-variant-caps: normal; font-weight: 400;\">Gu\u00eda para preparar y entregar tesis digitales \u2014 <\/span><a style=\"font-family: Lato, sans-serif; font-size: 16px; font-style: normal; font-variant-ligatures: normal; font-variant-caps: normal; font-weight: 400;\" href=\"https:\/\/www.bib.ibero.mx\/site\/wp-content\/uploads\/2020\/01\/guia_entrega_tesis.pdf\" target=\"_blank\" rel=\"noopener\">Consulta el archivo PDF<\/a><\/li><\/ul><\/td><\/tr><tr style=\"height: 10px;\"><td style=\"width: 100%; height: 10px;\"><ul><li>Tr\u00edptico de tesis digitales \u2014<a style=\"font-size: 16px;\" href=\"https:\/\/www.bib.ibero.mx\/site\/wp-content\/uploads\/2020\/01\/Instructivo-Tesis-Digitales.pdf\" target=\"_blank\" rel=\"noopener\">\u00a0Consulta el Archivo PDF <\/a><span style=\"font-size: 16px;\">\u00a0<\/span><\/li><\/ul><\/td><\/tr><\/tbody><\/table><\/li><li>Si deseas que publiquemos tu trabajo en nuestra biblioteca digital deber\u00e1s autorizarnos y llenar la carta de cesi\u00f3n de derechos\u00a0<br \/><table style=\"border-collapse: collapse; width: 100%;\"><tbody><tr><td style=\"width: 100%;\"><ul style=\"list-style-type: square;\"><li>Carta Autorizaci\u00f3n \u2014 <a style=\"font-size: 16px;\" href=\"https:\/\/www.bib.ibero.mx\/site\/wp-content\/uploads\/2022\/08\/CARTA-AUTORIZACION-Tesistas-IBERO_2022.doc\" target=\"_blank\" rel=\"noopener\">Consulta el Archivo .doc<\/a><\/li><\/ul><\/td><\/tr><\/tbody><\/table><\/li><li>Para recabar el visto bueno de entrega de tesis en Biblioteca el tesista deber\u00e1 estar libre de adeudos en su registro de biblioteca, dato que ser\u00e1 verificado al momento de la recepci\u00f3n de la tesis, estudio de caso, art\u00edculo publicable y o Protocolo de investigaci\u00f3n.<\/li><li>Concerta una cita<span style=\"font-size: 16px;\"> \u00a0a trav\u00e9s del siguiente correo: <\/span><a style=\"font-size: 16px;\" href=\"mailto:tesis.biblioteca@ibero.mx\">tesis.biblioteca@ibero.mx<\/a><span style=\"font-size: 16px;\">, la cual ser\u00e1 confirmada por este medio. Durante la cita se revisar\u00e1 que el material cumpla con los requisitos.<\/span><\/li><\/ol><\/li><\/ul><p><strong>Herramientas de ayuda.<\/strong><\/p><table style=\"border-collapse: collapse; width: 100%;\"><tbody><tr><td style=\"width: 100%;\"><ul><li><a style=\"font-size: 16px;\" href=\"https:\/\/www.bib.ibero.mx\/site\/wp-content\/uploads\/2019\/01\/guiaword_td.pdf\" target=\"_blank\" rel=\"noopener\">Gu\u00eda para generar tablas de contenido y numeraci\u00f3n de p\u00e1ginas en word<\/a><\/li><\/ul><\/td><\/tr><tr><td style=\"width: 100%;\"><ul><li><a style=\"font-size: 16px;\" href=\"https:\/\/www.mla.org\/MLA-Style\" target=\"_blank\" rel=\"noopener\">Estilo para Citas y Bibliograf\u00edas de MLA (Modern Language Association)<\/a><\/li><\/ul><\/td><\/tr><tr><td style=\"width: 100%;\"><ul><li><a href=\"https:\/\/www.bib.ibero.mx\/tesis\/pdf\/015230\/015230.pdf\" target=\"_blank\" rel=\"noopener\">Ejemplo de tesis<\/a><\/li><\/ul><p>\u00a0(Los tesistas entregar\u00e1n en formato original (Word, Excel, Latex, CAD, etc))<\/p><\/td><\/tr><\/tbody><\/table><p><b>L<\/b><strong>ogos de la IBERO.<\/strong><\/p>\t\t\t\t\t<\/div>\n\t\t\t\t\t\t<\/div>\n\t\t\t\t<\/div>\n\t\t\t\t\t\t<\/div>\n\t\t\t\t\t<\/div>\n\t\t<\/div>\n\t\t\t\t\t\t\t\t<\/div>\n\t\t\t\t\t<\/div>\n\t\t<\/section>\n\t\t\t\t<section class=\"elementor-section elementor-top-section elementor-element elementor-element-ad88b29 elementor-hidden-desktop elementor-hidden-tablet elementor-hidden-mobile elementor-section-boxed elementor-section-height-default elementor-section-height-default\" data-id=\"ad88b29\" data-element_type=\"section\">\n\t\t\t\t\t\t<div class=\"elementor-container elementor-column-gap-default\">\n\t\t\t\t\t\t\t<div class=\"elementor-row\">\n\t\t\t\t\t<div class=\"elementor-column elementor-col-50 elementor-top-column elementor-element elementor-element-31eb9b4\" data-id=\"31eb9b4\" data-element_type=\"column\">\n\t\t\t<div class=\"elementor-column-wrap elementor-element-populated\">\n\t\t\t\t\t\t\t<div class=\"elementor-widget-wrap\">\n\t\t\t\t\t\t<div class=\"elementor-element elementor-element-d4be9b5 elementor-widget elementor-widget-image\" data-id=\"d4be9b5\" data-element_type=\"widget\" data-widget_type=\"image.default\">\n\t\t\t\t<div class=\"elementor-widget-container\">\n\t\t\t\t\t\t\t\t<div class=\"elementor-image\">\n\t\t\t\t\t\t\t\t\t\t\t\t<img decoding=\"async\" width=\"157\" height=\"198\" src=\"https:\/\/www.bib.ibero.mx\/site\/wp-content\/uploads\/2019\/02\/logo.jpg\" class=\"attachment-large size-large wp-image-936\" alt=\"\" loading=\"lazy\" \/>\t\t\t\t\t\t\t\t\t\t\t\t\t\t<\/div>\n\t\t\t\t\t\t<\/div>\n\t\t\t\t<\/div>\n\t\t\t\t\t\t<\/div>\n\t\t\t\t\t<\/div>\n\t\t<\/div>\n\t\t\t\t<div class=\"elementor-column elementor-col-50 elementor-top-column elementor-element elementor-element-d0b6c1d\" data-id=\"d0b6c1d\" data-element_type=\"column\">\n\t\t\t<div class=\"elementor-column-wrap elementor-element-populated\">\n\t\t\t\t\t\t\t<div class=\"elementor-widget-wrap\">\n\t\t\t\t\t\t<div class=\"elementor-element elementor-element-a2b76d1 elementor-widget elementor-widget-image\" data-id=\"a2b76d1\" data-element_type=\"widget\" data-widget_type=\"image.default\">\n\t\t\t\t<div class=\"elementor-widget-container\">\n\t\t\t\t\t\t\t\t<div class=\"elementor-image\">\n\t\t\t\t\t\t\t\t\t\t\t\t<img decoding=\"async\" width=\"171\" height=\"157\" src=\"https:\/\/www.bib.ibero.mx\/site\/wp-content\/uploads\/2019\/02\/logo1.jpg\" class=\"attachment-large size-large wp-image-937\" alt=\"\" loading=\"lazy\" \/>\t\t\t\t\t\t\t\t\t\t\t\t\t\t<\/div>\n\t\t\t\t\t\t<\/div>\n\t\t\t\t<\/div>\n\t\t\t\t\t\t<\/div>\n\t\t\t\t\t<\/div>\n\t\t<\/div>\n\t\t\t\t\t\t\t\t<\/div>\n\t\t\t\t\t<\/div>\n\t\t<\/section>\n\t\t\t\t\t\t\t\t\t<\/div>\n\t\t\t<\/div>\n\t\t\t\t\t<\/div>\n\t\t","protected":false},"excerpt":{"rendered":"<p>\u00bfQu\u00e9 es ?. Es el resguardo y eventual publicaci\u00f3n electr\u00f3nica de las tesis y elaboradas por los egresados de los programas de maestr\u00eda o doctorado impartidos por la IBERO Ciudad de M\u00e9xico. Desde agosto de 2004, la Biblioteca s\u00f3lo recibe<\/p>\n","protected":false},"author":2,"featured_media":0,"parent":5,"menu_order":21,"comment_status":"closed","ping_status":"closed","template":"","meta":[],"_links":{"self":[{"href":"https:\/\/www.bib.ibero.mx\/site\/index.php\/wp-json\/wp\/v2\/pages\/507"}],"collection":[{"href":"https:\/\/www.bib.ibero.mx\/site\/index.php\/wp-json\/wp\/v2\/pages"}],"about":[{"href":"https:\/\/www.bib.ibero.mx\/site\/index.php\/wp-json\/wp\/v2\/types\/page"}],"author":[{"embeddable":true,"href":"https:\/\/www.bib.ibero.mx\/site\/index.php\/wp-json\/wp\/v2\/users\/2"}],"replies":[{"embeddable":true,"href":"https:\/\/www.bib.ibero.mx\/site\/index.php\/wp-json\/wp\/v2\/comments?post=507"}],"version-history":[{"count":78,"href":"https:\/\/www.bib.ibero.mx\/site\/index.php\/wp-json\/wp\/v2\/pages\/507\/revisions"}],"predecessor-version":[{"id":18178,"href":"https:\/\/www.bib.ibero.mx\/site\/index.php\/wp-json\/wp\/v2\/pages\/507\/revisions\/18178"}],"up":[{"embeddable":true,"href":"https:\/\/www.bib.ibero.mx\/site\/index.php\/wp-json\/wp\/v2\/pages\/5"}],"wp:attachment":[{"href":"https:\/\/www.bib.ibero.mx\/site\/index.php\/wp-json\/wp\/v2\/media?parent=507"}],"curies":[{"name":"wp","href":"https:\/\/api.w.org\/{rel}","templated":true}]}}