{"id":4508,"date":"2021-04-21T13:50:22","date_gmt":"2021-04-21T18:50:22","guid":{"rendered":"https:\/\/www.bib.ibero.mx\/site\/?page_id=4508"},"modified":"2021-04-22T11:44:15","modified_gmt":"2021-04-22T16:44:15","slug":"texto-introductorio","status":"publish","type":"page","link":"https:\/\/www.bib.ibero.mx\/site\/index.php\/mariana-yampolsky\/texto-introductorio\/","title":{"rendered":"Texto introductorio"},"content":{"rendered":"\t\t<div data-elementor-type=\"wp-post\" data-elementor-id=\"4508\" class=\"elementor elementor-4508\">\n\t\t\t\t\t\t<div class=\"elementor-inner\">\n\t\t\t\t<div class=\"elementor-section-wrap\">\n\t\t\t\t\t\t\t\t\t<section class=\"elementor-section elementor-top-section elementor-element elementor-element-5f7d8e1 elementor-section-boxed elementor-section-height-default elementor-section-height-default\" data-id=\"5f7d8e1\" data-element_type=\"section\">\n\t\t\t\t\t\t<div class=\"elementor-container elementor-column-gap-default\">\n\t\t\t\t\t\t\t<div class=\"elementor-row\">\n\t\t\t\t\t<div class=\"elementor-column elementor-col-100 elementor-top-column elementor-element elementor-element-8a89101\" data-id=\"8a89101\" data-element_type=\"column\">\n\t\t\t<div class=\"elementor-column-wrap elementor-element-populated\">\n\t\t\t\t\t\t\t<div class=\"elementor-widget-wrap\">\n\t\t\t\t\t\t<div class=\"elementor-element elementor-element-47b38f2 elementor-view-default elementor-widget elementor-widget-icon\" data-id=\"47b38f2\" data-element_type=\"widget\" data-widget_type=\"icon.default\">\n\t\t\t\t<div class=\"elementor-widget-container\">\n\t\t\t\t\t<div class=\"elementor-icon-wrapper\">\n\t\t\t<a class=\"elementor-icon\" href=\"https:\/\/www.bib.ibero.mx\/site\/index.php\/mariana-yampolsky\/\">\n\t\t\t\t\t\t\t<i class=\"fa fa-home\" aria-hidden=\"true\"><\/i>\n\t\t\t\t\t\t<\/a>\n\t\t<\/div>\n\t\t\t\t<\/div>\n\t\t\t\t<\/div>\n\t\t\t\t\t\t<\/div>\n\t\t\t\t\t<\/div>\n\t\t<\/div>\n\t\t\t\t\t\t\t\t<\/div>\n\t\t\t\t\t<\/div>\n\t\t<\/section>\n\t\t\t\t<section class=\"elementor-section elementor-top-section elementor-element elementor-element-6227693b elementor-section-boxed elementor-section-height-default elementor-section-height-default\" data-id=\"6227693b\" data-element_type=\"section\">\n\t\t\t\t\t\t<div class=\"elementor-container elementor-column-gap-default\">\n\t\t\t\t\t\t\t<div class=\"elementor-row\">\n\t\t\t\t\t<div class=\"elementor-column elementor-col-100 elementor-top-column elementor-element elementor-element-59ae6934\" data-id=\"59ae6934\" data-element_type=\"column\">\n\t\t\t<div class=\"elementor-column-wrap elementor-element-populated\">\n\t\t\t\t\t\t\t<div class=\"elementor-widget-wrap\">\n\t\t\t\t\t\t<div class=\"elementor-element elementor-element-7fbffc04 elementor-widget elementor-widget-text-editor\" data-id=\"7fbffc04\" data-element_type=\"widget\" data-widget_type=\"text-editor.default\">\n\t\t\t\t<div class=\"elementor-widget-container\">\n\t\t\t\t\t\t\t\t<div class=\"elementor-text-editor elementor-clearfix\">\n\t\t\t\t<p><!-- wp:tadv\/classic-paragraph --><\/p>\n<p><img decoding=\"async\" loading=\"lazy\" class=\"aligncenter wp-image-4553 size-full\" src=\"https:\/\/www.bib.ibero.mx\/site\/wp-content\/uploads\/2021\/04\/texto-introductorio-encabezado-1.jpg\" alt=\"\" width=\"900\" height=\"80\" srcset=\"https:\/\/www.bib.ibero.mx\/site\/wp-content\/uploads\/2021\/04\/texto-introductorio-encabezado-1.jpg 900w, https:\/\/www.bib.ibero.mx\/site\/wp-content\/uploads\/2021\/04\/texto-introductorio-encabezado-1-300x27.jpg 300w, https:\/\/www.bib.ibero.mx\/site\/wp-content\/uploads\/2021\/04\/texto-introductorio-encabezado-1-768x68.jpg 768w, https:\/\/www.bib.ibero.mx\/site\/wp-content\/uploads\/2021\/04\/texto-introductorio-encabezado-1-700x62.jpg 700w\" sizes=\"(max-width: 900px) 100vw, 900px\" \/><\/p>\n<p style=\"text-align: justify;\"><span style=\"font-size: 36pt; color: #811033;\">A<\/span> lo largo de su vida detr\u00e1s de una c\u00e1mara, Mariana Yampolsky captur\u00f3 con su lente la mirada inocente de los ni\u00f1os. En sus viajes por M\u00e9xico, dedicaba varias horas o d\u00edas a entablar una relaci\u00f3n de confianza con ellos, de modo que sus fotograf\u00edas surgieran de manera natural para mostrar su d\u00eda a d\u00eda, sus sonrisas, sus rostros y miradas.<\/p>\n<p style=\"text-align: justify;\">\u00a0La exposici\u00f3n <em>Porvenir de luz y plata. La infancia en la lente de Mariana Yampolsky <\/em>nos invita a descubrir la mirada multifac\u00e9tica e \u00edntima de un pa\u00eds, su historia y su infancia que Mariana hizo propia. As\u00ed pues, esta muestra est\u00e1 conformada por una selecci\u00f3n de 68 fotograf\u00edas del Fondo Fotogr\u00e1fico Mariana Yampolsky, resguardado por nuestra Biblioteca Francisco Xavier Clavigero.<\/p>\n<p style=\"text-align: justify;\"><img decoding=\"async\" loading=\"lazy\" class=\"size-full wp-image-4517 alignright\" src=\"https:\/\/www.bib.ibero.mx\/site\/wp-content\/uploads\/2021\/04\/hasselblad_a300px.jpg\" alt=\"\" width=\"300\" height=\"199\" \/>A partir de cuatro ejes tem\u00e1ticos: <em>Rostros y Miradas<\/em>, <em>La m\u00e1quina del porvenir<\/em>, <em>Ser grande todos los d\u00edas<\/em> y <em>Generaciones<\/em>, la exposici\u00f3n nos da cuenta de la empat\u00eda de Mariana hacia las personas que retrataba. Aunque no sol\u00eda fechar sus fotograf\u00edas y muchas de ellas son dif\u00edciles de ubicar en el tiempo, s\u00ed tenemos la certeza de los lugares de las tomas, como la mirada p\u00edcara de un ni\u00f1o de Temascalcingo en el Estado de M\u00e9xico o el retrato de una ni\u00f1a con una gran sonrisa acompa\u00f1ada de su hermana en San Felipe Santiago. Los juguetes y los juegos m\u00e1s simples, como volar un papalote, subirse a una bicicleta o patinar, son las escenas que retrata Yampolsky, llen\u00e1ndonos de recuerdos y hacernos caer en cuenta que \u2013como dec\u00eda la poeta chilena Gabriela Mistral- el futuro de los ni\u00f1os es hoy. Las actividades cotidianas de los ni\u00f1os ayudando a sus padres en el trabajo, como la venta de pulque, de sillas o el tejido de hamacas, no borran la sonrisa de los peque\u00f1os al ser atrapados en el instante.<\/p>\n<p style=\"text-align: justify;\">La educaci\u00f3n fue una de sus mayores inquietudes. Como profesora y editora se preocup\u00f3 porque los ni\u00f1os que hab\u00eda capturado con su lente y su coraz\u00f3n, aprendieran a leer, por lo que public\u00f3 en 1980 <em>Ni\u00f1os, imaginaci\u00f3n y realidad. El ciclo m\u00e1gico de los d\u00edas<\/em>, y en 1981 <em>Juguetes mexicanos y Francisco Toledo<\/em>. Publicar libros para ni\u00f1os se convirti\u00f3 en una nueva forma de creaci\u00f3n y en un proyecto de vida. Coordin\u00f3 e ilustr\u00f3 con grabados y fotograf\u00edas <em>La Enciclopedia Infantil Colibr\u00ed<\/em>, con novedosos m\u00e9todos did\u00e1cticos para promover as\u00ed la educaci\u00f3n cient\u00edfica de la ni\u00f1ez mexicana.<\/p>\n<p style=\"text-align: justify;\">Finalmente, el grupo de im\u00e1genes agrupadas en el n\u00facleo titulado <em>Generaciones<\/em> muestran el cari\u00f1o entre padres e hijos, sin dejar de lado las ceremonias religiosas como el bautismo o la primera comuni\u00f3n. Mariana, trasmite el leguaje corporal, las emociones y el entorno del retratado, como ella afirmaba: \u201cLo que hago es simple: compartir con otros lo que han hecho otros\u201d.<\/p>\n<p><!-- \/wp:tadv\/classic-paragraph --><\/p>\t\t\t\t\t<\/div>\n\t\t\t\t\t\t<\/div>\n\t\t\t\t<\/div>\n\t\t\t\t\t\t<\/div>\n\t\t\t\t\t<\/div>\n\t\t<\/div>\n\t\t\t\t\t\t\t\t<\/div>\n\t\t\t\t\t<\/div>\n\t\t<\/section>\n\t\t\t\t\t\t\t\t\t<\/div>\n\t\t\t<\/div>\n\t\t\t\t\t<\/div>\n\t\t","protected":false},"excerpt":{"rendered":"<p>A lo largo de su vida detr\u00e1s de una c\u00e1mara, Mariana Yampolsky captur\u00f3 con su lente la mirada inocente de los ni\u00f1os. En sus viajes por M\u00e9xico, dedicaba varias horas o d\u00edas a entablar una relaci\u00f3n de confianza con ellos,<\/p>\n","protected":false},"author":2,"featured_media":0,"parent":4401,"menu_order":2,"comment_status":"closed","ping_status":"closed","template":"","meta":[],"_links":{"self":[{"href":"https:\/\/www.bib.ibero.mx\/site\/index.php\/wp-json\/wp\/v2\/pages\/4508"}],"collection":[{"href":"https:\/\/www.bib.ibero.mx\/site\/index.php\/wp-json\/wp\/v2\/pages"}],"about":[{"href":"https:\/\/www.bib.ibero.mx\/site\/index.php\/wp-json\/wp\/v2\/types\/page"}],"author":[{"embeddable":true,"href":"https:\/\/www.bib.ibero.mx\/site\/index.php\/wp-json\/wp\/v2\/users\/2"}],"replies":[{"embeddable":true,"href":"https:\/\/www.bib.ibero.mx\/site\/index.php\/wp-json\/wp\/v2\/comments?post=4508"}],"version-history":[{"count":12,"href":"https:\/\/www.bib.ibero.mx\/site\/index.php\/wp-json\/wp\/v2\/pages\/4508\/revisions"}],"predecessor-version":[{"id":4556,"href":"https:\/\/www.bib.ibero.mx\/site\/index.php\/wp-json\/wp\/v2\/pages\/4508\/revisions\/4556"}],"up":[{"embeddable":true,"href":"https:\/\/www.bib.ibero.mx\/site\/index.php\/wp-json\/wp\/v2\/pages\/4401"}],"wp:attachment":[{"href":"https:\/\/www.bib.ibero.mx\/site\/index.php\/wp-json\/wp\/v2\/media?parent=4508"}],"curies":[{"name":"wp","href":"https:\/\/api.w.org\/{rel}","templated":true}]}}