{"id":4496,"date":"2021-04-21T13:01:12","date_gmt":"2021-04-21T18:01:12","guid":{"rendered":"https:\/\/www.bib.ibero.mx\/site\/?page_id=4496"},"modified":"2021-04-28T17:37:45","modified_gmt":"2021-04-28T22:37:45","slug":"biografia-mariana-yampolsky","status":"publish","type":"page","link":"https:\/\/www.bib.ibero.mx\/site\/index.php\/mariana-yampolsky\/biografia-mariana-yampolsky\/","title":{"rendered":"Biograf\u00eda Mariana Yampolsky"},"content":{"rendered":"\t\t<div data-elementor-type=\"wp-post\" data-elementor-id=\"4496\" class=\"elementor elementor-4496\">\n\t\t\t\t\t\t<div class=\"elementor-inner\">\n\t\t\t\t<div class=\"elementor-section-wrap\">\n\t\t\t\t\t\t\t\t\t<section class=\"elementor-section elementor-top-section elementor-element elementor-element-555ae76 elementor-section-boxed elementor-section-height-default elementor-section-height-default\" data-id=\"555ae76\" data-element_type=\"section\">\n\t\t\t\t\t\t<div class=\"elementor-container elementor-column-gap-default\">\n\t\t\t\t\t\t\t<div class=\"elementor-row\">\n\t\t\t\t\t<div class=\"elementor-column elementor-col-100 elementor-top-column elementor-element elementor-element-f1edaa9\" data-id=\"f1edaa9\" data-element_type=\"column\">\n\t\t\t<div class=\"elementor-column-wrap elementor-element-populated\">\n\t\t\t\t\t\t\t<div class=\"elementor-widget-wrap\">\n\t\t\t\t\t\t<div class=\"elementor-element elementor-element-5e580ff elementor-position-left elementor-view-default elementor-mobile-position-top elementor-vertical-align-top elementor-widget elementor-widget-icon-box\" data-id=\"5e580ff\" data-element_type=\"widget\" data-widget_type=\"icon-box.default\">\n\t\t\t\t<div class=\"elementor-widget-container\">\n\t\t\t\t\t<div class=\"elementor-icon-box-wrapper\">\n\t\t\t\t\t\t<div class=\"elementor-icon-box-icon\">\n\t\t\t\t<a class=\"elementor-icon elementor-animation-\" href=\"https:\/\/www.bib.ibero.mx\/site\/index.php\/mariana-yampolsky\/\">\n\t\t\t\t<i class=\"fa fa-home\" aria-hidden=\"true\"><\/i>\t\t\t\t<\/a>\n\t\t\t<\/div>\n\t\t\t\t\t\t<div class=\"elementor-icon-box-content\">\n\t\t\t\t<h6 class=\"elementor-icon-box-title\">\n\t\t\t\t\t<a href=\"https:\/\/www.bib.ibero.mx\/site\/index.php\/mariana-yampolsky\/\" >\n\t\t\t\t\t\t\t\t\t\t\t<\/a>\n\t\t\t\t<\/h6>\n\t\t\t\t\t\t\t<\/div>\n\t\t<\/div>\n\t\t\t\t<\/div>\n\t\t\t\t<\/div>\n\t\t\t\t\t\t<\/div>\n\t\t\t\t\t<\/div>\n\t\t<\/div>\n\t\t\t\t\t\t\t\t<\/div>\n\t\t\t\t\t<\/div>\n\t\t<\/section>\n\t\t\t\t<section class=\"elementor-section elementor-top-section elementor-element elementor-element-84eccd3 elementor-section-boxed elementor-section-height-default elementor-section-height-default\" data-id=\"84eccd3\" data-element_type=\"section\">\n\t\t\t\t\t\t<div class=\"elementor-container elementor-column-gap-default\">\n\t\t\t\t\t\t\t<div class=\"elementor-row\">\n\t\t\t\t\t<div class=\"elementor-column elementor-col-100 elementor-top-column elementor-element elementor-element-280d14c\" data-id=\"280d14c\" data-element_type=\"column\">\n\t\t\t<div class=\"elementor-column-wrap elementor-element-populated\">\n\t\t\t\t\t\t\t<div class=\"elementor-widget-wrap\">\n\t\t\t\t\t\t<div class=\"elementor-element elementor-element-d9f440e elementor-widget elementor-widget-text-editor\" data-id=\"d9f440e\" data-element_type=\"widget\" data-widget_type=\"text-editor.default\">\n\t\t\t\t<div class=\"elementor-widget-container\">\n\t\t\t\t\t\t\t\t<div class=\"elementor-text-editor elementor-clearfix\">\n\t\t\t\t<p style=\"text-align: justify;\"><img decoding=\"async\" loading=\"lazy\" class=\"wp-image-4853  alignleft\" src=\"https:\/\/www.bib.ibero.mx\/site\/wp-content\/uploads\/2021\/04\/CMY36715.jpg\" alt=\"\" width=\"295\" height=\"294\" srcset=\"https:\/\/www.bib.ibero.mx\/site\/wp-content\/uploads\/2021\/04\/CMY36715-150x150.jpg 150w, https:\/\/www.bib.ibero.mx\/site\/wp-content\/uploads\/2021\/04\/CMY36715-270x270.jpg 270w, https:\/\/www.bib.ibero.mx\/site\/wp-content\/uploads\/2021\/04\/CMY36715-230x230.jpg 230w\" sizes=\"(max-width: 295px) 100vw, 295px\" \/><span style=\"font-size: 36pt; color: #4c7aa8;\">M<\/span>arianne Gertrude Yampolsky Urbach naci\u00f3 el 6 de septiembre de 1925 en Crystal Lake, un poblado cerca de la ciudad de Chicago, Estados Unidos. Pas\u00f3 su infancia en la granja de su abuelo paterno en Illinois, hasta que termin\u00f3 sus estudios de secundaria. Su madre, Hedwig Urbach proveniente de una familia juedoalemana que emigr\u00f3 a Brasil en los a\u00f1os 30 para escapar de los nazis. Su padre, \u00d3scar Yampolsky nacido en Rusia, un pintor y escultor galardonado con el Prix de Roma, formado en el Art Institute de Chicago y el Art Institute de Nueva York. Ambos se conocieron en Berl\u00edn en una reuni\u00f3n organizada por el hermano de \u00d3scar. Contrajeron matrimonio en 1923 y como consecuencia a la crisis econ\u00f3mica, la inestabilidad social y pol\u00edtica en Alemania; decidieron emigrar a Estados Unidos.<\/p><p style=\"text-align: justify;\">Desde peque\u00f1a, Mariana pasaba mucho tiempo escribiendo y observando el paisaje, las aves y los animales del campo, que se tradujo en una gran sensibilidad y habilidad en el arte. 1945 fue un a\u00f1o crucial para Mariana, a mediados del mes de marzo muri\u00f3 su padre y unos d\u00edas despu\u00e9s obtuvo su diploma universitario. Tras asistir en la Universidad de Chicago a unas conferencias sobre el Taller de Gr\u00e1fica Popular (TGP), pens\u00f3 que era momento de dejar Chicago e irse a M\u00e9xico, para conocer de cerca la cultura mexicana. Qued\u00f3 maravillada con el trabajo pol\u00edtico, social y cultural del TGP. As\u00ed, en abril de ese mismo a\u00f1o, decidi\u00f3 viajar a M\u00e9xico para adentrarse en el trabajo del Taller de Gr\u00e1fica Popular.<\/p><p style=\"text-align: justify;\">Yampolsky, lleg\u00f3 a un M\u00e9xico que estaba en transici\u00f3n hacia la modernidad, un pa\u00eds en el que la econom\u00eda se basaba en las actividades agr\u00edcolas. Realiz\u00f3 el examen de admisi\u00f3n y fue admitida en la Escuela\u00a0Nacional de Pintura, Escultura y Grabado &#8220;La Esmeralda&#8221; y decidi\u00f3 instalarse en un peque\u00f1o cuarto cerca de la Ciudadela, en el que permaneci\u00f3 por casi una d\u00e9cada. Conoci\u00f3 los rincones de la ciudad a pie, junto con Alberto Beltr\u00e1n, (miembro del TGP) admirando sus calles, edificios y la diversidad cultural del pa\u00eds que la acog\u00eda.<\/p><p><img decoding=\"async\" loading=\"lazy\" class=\"wp-image-4502 alignright\" style=\"text-align: justify;\" src=\"https:\/\/www.bib.ibero.mx\/site\/wp-content\/uploads\/2021\/04\/MY_rostro300px.jpg\" alt=\"\" width=\"201\" height=\"211\" \/><\/p><p style=\"text-align: justify;\">Mientras estudiaba en La Esmeralda, se convirti\u00f3 en la primera mujer en ingresar al Taller de Gr\u00e1fica Popular. La guerra y la lucha contra el fascismo eran algunos de los temas que plasmaba en sus grabados.<\/p><p style=\"text-align: justify;\">Para la d\u00e9cada de los 40, Mariana ya estaba consolidada en M\u00e9xico como dibujante, grabadora y profesora de literatura inglesa. Sin embargo, ten\u00eda un gran inter\u00e9s por capturar el M\u00e9xico que ve\u00eda. En 1948, con una c\u00e1mara Rolleicord, tom\u00f3 unas fotograf\u00edas de los miembros del TGP para el proyecto del libro de Hannes Meyer sobre el grupo de grabadistas. Yampolsky, descubri\u00f3 una nueva pasi\u00f3n al tener la c\u00e1mara en sus manos, por lo que comienza a estudiar fotograf\u00eda en la Escuela de Artes Pl\u00e1sticas de la UNAM, como disc\u00edpula de Lola \u00c1lvarez Bravo, de quien aprendi\u00f3 a hacer retratos.<\/p><p style=\"text-align: justify;\">Mariana se naturaliz\u00f3 mexicana en 1954. No le gustaba que la consideraran \u201cuna gringa\u201d, ya que seg\u00fan sus propias palabras, estaba enamorada de M\u00e9xico. Es as\u00ed como sus fotograf\u00edas son el testimonio de sus andares por los rincones de M\u00e9xico durante tres d\u00e9cadas. Con sus c\u00e1maras Rolleiflex y Hasselblad, Mariana capt\u00f3 la vida cotidiana, las festividades patronales, religiosas y familiares de los pueblos mexicanos, as\u00ed como la inocencia y sensibilidad de los ni\u00f1os, las mujeres y los hombres a trav\u00e9s de sus retratos. La naturaleza, la comida y la arquitectura se vuelven un tema central en su obra. Los objetos se convierten en protago<span style=\"text-align: justify;\">nistas y algunas veces, muestran su relaci\u00f3n con el sujeto fotografiado. En sus \u00faltimos a\u00f1os, enfoc\u00f3 su inter\u00e9s en la comunidad chicana en Estados Unidos. Sus im\u00e1genes fronterizas ilustraron la cr\u00f3nica de Elena Poniatowska: \u201c<\/span><em style=\"text-align: justify;\">Las mil y una\u2026 la herida de Paulina\u201d<\/em><span style=\"text-align: justify;\">, publicada en 2000.<\/span><\/p><p style=\"text-align: justify;\"><img decoding=\"async\" loading=\"lazy\" class=\"wp-image-4855 size-full alignleft\" src=\"https:\/\/www.bib.ibero.mx\/site\/wp-content\/uploads\/2021\/04\/CMY36633.jpg\" alt=\"\" width=\"307\" height=\"300\" srcset=\"https:\/\/www.bib.ibero.mx\/site\/wp-content\/uploads\/2021\/04\/CMY36633.jpg 307w, https:\/\/www.bib.ibero.mx\/site\/wp-content\/uploads\/2021\/04\/CMY36633-300x293.jpg 300w\" sizes=\"(max-width: 307px) 100vw, 307px\" \/><\/p><p>\u00a0<\/p><p>\u00a0<\/p><p style=\"text-align: justify;\">Mariana fue grabadora, curadora, coleccionista, fot\u00f3grafa y editora. Todo su trabajo se enfoc\u00f3 en el resguardo y visibilidad de las tradiciones mexicanas que nos permiten hoy voltear la mirada hacia la condici\u00f3n humana, el alma y la importan<span style=\"text-align: justify;\">cia de lo cotidiano. Muri\u00f3 en la ciudad de M\u00e9xico el 3 de mayo de 2002, dej\u00e1ndonos su mirada atrapada entre las sales de plata de su archivo.<\/span><\/p>\t\t\t\t\t<\/div>\n\t\t\t\t\t\t<\/div>\n\t\t\t\t<\/div>\n\t\t\t\t\t\t<\/div>\n\t\t\t\t\t<\/div>\n\t\t<\/div>\n\t\t\t\t\t\t\t\t<\/div>\n\t\t\t\t\t<\/div>\n\t\t<\/section>\n\t\t\t\t\t\t\t\t\t<\/div>\n\t\t\t<\/div>\n\t\t\t\t\t<\/div>\n\t\t","protected":false},"excerpt":{"rendered":"<p>Marianne Gertrude Yampolsky Urbach naci\u00f3 el 6 de septiembre de 1925 en Crystal Lake, un poblado cerca de la ciudad de Chicago, Estados Unidos. Pas\u00f3 su infancia en la granja de su abuelo paterno en Illinois, hasta que termin\u00f3 sus<\/p>\n","protected":false},"author":2,"featured_media":0,"parent":4401,"menu_order":1,"comment_status":"closed","ping_status":"closed","template":"","meta":[],"_links":{"self":[{"href":"https:\/\/www.bib.ibero.mx\/site\/index.php\/wp-json\/wp\/v2\/pages\/4496"}],"collection":[{"href":"https:\/\/www.bib.ibero.mx\/site\/index.php\/wp-json\/wp\/v2\/pages"}],"about":[{"href":"https:\/\/www.bib.ibero.mx\/site\/index.php\/wp-json\/wp\/v2\/types\/page"}],"author":[{"embeddable":true,"href":"https:\/\/www.bib.ibero.mx\/site\/index.php\/wp-json\/wp\/v2\/users\/2"}],"replies":[{"embeddable":true,"href":"https:\/\/www.bib.ibero.mx\/site\/index.php\/wp-json\/wp\/v2\/comments?post=4496"}],"version-history":[{"count":18,"href":"https:\/\/www.bib.ibero.mx\/site\/index.php\/wp-json\/wp\/v2\/pages\/4496\/revisions"}],"predecessor-version":[{"id":4861,"href":"https:\/\/www.bib.ibero.mx\/site\/index.php\/wp-json\/wp\/v2\/pages\/4496\/revisions\/4861"}],"up":[{"embeddable":true,"href":"https:\/\/www.bib.ibero.mx\/site\/index.php\/wp-json\/wp\/v2\/pages\/4401"}],"wp:attachment":[{"href":"https:\/\/www.bib.ibero.mx\/site\/index.php\/wp-json\/wp\/v2\/media?parent=4496"}],"curies":[{"name":"wp","href":"https:\/\/api.w.org\/{rel}","templated":true}]}}