{"id":3014,"date":"2020-01-09T10:23:53","date_gmt":"2020-01-09T16:23:53","guid":{"rendered":"https:\/\/www.bib.ibero.mx\/site\/?page_id=3014"},"modified":"2026-01-05T12:53:59","modified_gmt":"2026-01-05T18:53:59","slug":"cuotas-y-sanciones","status":"publish","type":"page","link":"https:\/\/www.bib.ibero.mx\/site\/index.php\/inicio\/cuotas-y-sanciones\/","title":{"rendered":"Cuotas y Sanciones"},"content":{"rendered":"\t\t<div data-elementor-type=\"wp-post\" data-elementor-id=\"3014\" class=\"elementor elementor-3014\">\n\t\t\t\t\t\t<div class=\"elementor-inner\">\n\t\t\t\t<div class=\"elementor-section-wrap\">\n\t\t\t\t\t\t\t\t\t<section class=\"elementor-section elementor-top-section elementor-element elementor-element-9fb10b7 elementor-section-boxed elementor-section-height-default elementor-section-height-default\" data-id=\"9fb10b7\" data-element_type=\"section\">\n\t\t\t\t\t\t<div class=\"elementor-container elementor-column-gap-default\">\n\t\t\t\t\t\t\t<div class=\"elementor-row\">\n\t\t\t\t\t<div class=\"elementor-column elementor-col-100 elementor-top-column elementor-element elementor-element-bce807b\" data-id=\"bce807b\" data-element_type=\"column\">\n\t\t\t<div class=\"elementor-column-wrap elementor-element-populated\">\n\t\t\t\t\t\t\t<div class=\"elementor-widget-wrap\">\n\t\t\t\t\t\t<div class=\"elementor-element elementor-element-4ff036d elementor-widget elementor-widget-heading\" data-id=\"4ff036d\" data-element_type=\"widget\" data-widget_type=\"heading.default\">\n\t\t\t\t<div class=\"elementor-widget-container\">\n\t\t\t<h2 class=\"elementor-heading-title elementor-size-default\">SERVICIOS<\/h2>\t\t<\/div>\n\t\t\t\t<\/div>\n\t\t\t\t\t\t<\/div>\n\t\t\t\t\t<\/div>\n\t\t<\/div>\n\t\t\t\t\t\t\t\t<\/div>\n\t\t\t\t\t<\/div>\n\t\t<\/section>\n\t\t\t\t<section class=\"elementor-section elementor-top-section elementor-element elementor-element-48393b2 elementor-section-boxed elementor-section-height-default elementor-section-height-default\" data-id=\"48393b2\" data-element_type=\"section\">\n\t\t\t\t\t\t<div class=\"elementor-container elementor-column-gap-default\">\n\t\t\t\t\t\t\t<div class=\"elementor-row\">\n\t\t\t\t\t<div class=\"elementor-column elementor-col-100 elementor-top-column elementor-element elementor-element-a560fb6\" data-id=\"a560fb6\" data-element_type=\"column\">\n\t\t\t<div class=\"elementor-column-wrap elementor-element-populated\">\n\t\t\t\t\t\t\t<div class=\"elementor-widget-wrap\">\n\t\t\t\t\t\t<div class=\"elementor-element elementor-element-2a19cf8 elementor-widget elementor-widget-text-editor\" data-id=\"2a19cf8\" data-element_type=\"widget\" data-widget_type=\"text-editor.default\">\n\t\t\t\t<div class=\"elementor-widget-container\">\n\t\t\t\t\t\t\t\t<div class=\"elementor-text-editor elementor-clearfix\">\n\t\t\t\t<p style=\"text-align: center;\">Cuotas por servicios y sanciones \/ a partir de enero de 2026<\/p>\t\t\t\t\t<\/div>\n\t\t\t\t\t\t<\/div>\n\t\t\t\t<\/div>\n\t\t\t\t\t\t<\/div>\n\t\t\t\t\t<\/div>\n\t\t<\/div>\n\t\t\t\t\t\t\t\t<\/div>\n\t\t\t\t\t<\/div>\n\t\t<\/section>\n\t\t\t\t<section class=\"elementor-section elementor-top-section elementor-element elementor-element-4c735f0 elementor-section-boxed elementor-section-height-default elementor-section-height-default\" data-id=\"4c735f0\" data-element_type=\"section\">\n\t\t\t\t\t\t<div class=\"elementor-container elementor-column-gap-default\">\n\t\t\t\t\t\t\t<div class=\"elementor-row\">\n\t\t\t\t\t<div class=\"elementor-column elementor-col-100 elementor-top-column elementor-element elementor-element-336bb58\" data-id=\"336bb58\" data-element_type=\"column\">\n\t\t\t<div class=\"elementor-column-wrap elementor-element-populated\">\n\t\t\t\t\t\t\t<div class=\"elementor-widget-wrap\">\n\t\t\t\t\t\t<div class=\"elementor-element elementor-element-d1113f5 elementor-widget elementor-widget-text-editor\" data-id=\"d1113f5\" data-element_type=\"widget\" data-widget_type=\"text-editor.default\">\n\t\t\t\t<div class=\"elementor-widget-container\">\n\t\t\t\t\t\t\t\t<div class=\"elementor-text-editor elementor-clearfix\">\n\t\t\t\t<p><b>FOTOCOPIAS EN EL ACERVO HIST\u00d3RICO:<\/b><\/p>\t\t\t\t\t<\/div>\n\t\t\t\t\t\t<\/div>\n\t\t\t\t<\/div>\n\t\t\t\t\t\t<\/div>\n\t\t\t\t\t<\/div>\n\t\t<\/div>\n\t\t\t\t\t\t\t\t<\/div>\n\t\t\t\t\t<\/div>\n\t\t<\/section>\n\t\t\t\t<section class=\"elementor-section elementor-top-section elementor-element elementor-element-4c39b45 elementor-section-boxed elementor-section-height-default elementor-section-height-default\" data-id=\"4c39b45\" data-element_type=\"section\">\n\t\t\t\t\t\t<div class=\"elementor-container elementor-column-gap-default\">\n\t\t\t\t\t\t\t<div class=\"elementor-row\">\n\t\t\t\t\t<div class=\"elementor-column elementor-col-100 elementor-top-column elementor-element elementor-element-0c2106d\" data-id=\"0c2106d\" data-element_type=\"column\">\n\t\t\t<div class=\"elementor-column-wrap elementor-element-populated\">\n\t\t\t\t\t\t\t<div class=\"elementor-widget-wrap\">\n\t\t\t\t\t\t<div class=\"elementor-element elementor-element-3dc7937 elementor-widget elementor-widget-text-editor\" data-id=\"3dc7937\" data-element_type=\"widget\" data-widget_type=\"text-editor.default\">\n\t\t\t\t<div class=\"elementor-widget-container\">\n\t\t\t\t\t\t\t\t<div class=\"elementor-text-editor elementor-clearfix\">\n\t\t\t\t<table style=\"border-collapse: collapse; width: 100%;\"><tbody><tr><td style=\"width: 70%;\"><span style=\"font-family: verdana, geneva, sans-serif;\">Tama\u00f1o carta<\/span><\/td><td style=\"width: 30%;\"><span style=\"font-family: verdana, geneva, sans-serif;\">$ 5.00<\/span><\/td><\/tr><tr><td style=\"width: 70%;\"><span style=\"font-family: verdana, geneva, sans-serif;\">Tama\u00f1o oficio<\/span><\/td><td style=\"width: 30%;\"><span style=\"font-family: verdana, geneva, sans-serif;\">$ 5.00<\/span><\/td><\/tr><tr><td style=\"width: 70%;\"><span style=\"font-family: verdana, geneva, sans-serif;\">Reducci\u00f3n<\/span><\/td><td style=\"width: 30%;\"><span style=\"font-family: verdana, geneva, sans-serif;\">$ 28.00<\/span><\/td><\/tr><tr><td style=\"width: 70%;\"><span style=\"font-family: verdana, geneva, sans-serif;\">Doble carta<\/span><\/td><td style=\"width: 30%;\"><span style=\"font-family: verdana, geneva, sans-serif;\">$ 28.00<\/span><\/td><\/tr><tr><td style=\"width: 70%;\"><span style=\"font-family: verdana, geneva, sans-serif;\">Reproducci\u00f3n de microfilm a papel<\/span><\/td><td style=\"width: 30 %;\"><span style=\"font-family: verdana, geneva, sans-serif;\">$ 28.00<\/span><\/td><\/tr><\/tbody><\/table>\t\t\t\t\t<\/div>\n\t\t\t\t\t\t<\/div>\n\t\t\t\t<\/div>\n\t\t\t\t\t\t<\/div>\n\t\t\t\t\t<\/div>\n\t\t<\/div>\n\t\t\t\t\t\t\t\t<\/div>\n\t\t\t\t\t<\/div>\n\t\t<\/section>\n\t\t\t\t<section class=\"elementor-section elementor-top-section elementor-element elementor-element-39ef965 elementor-section-boxed elementor-section-height-default elementor-section-height-default\" data-id=\"39ef965\" data-element_type=\"section\">\n\t\t\t\t\t\t<div class=\"elementor-container elementor-column-gap-default\">\n\t\t\t\t\t\t\t<div class=\"elementor-row\">\n\t\t\t\t\t<div class=\"elementor-column elementor-col-100 elementor-top-column elementor-element elementor-element-3632296\" data-id=\"3632296\" data-element_type=\"column\">\n\t\t\t<div class=\"elementor-column-wrap elementor-element-populated\">\n\t\t\t\t\t\t\t<div class=\"elementor-widget-wrap\">\n\t\t\t\t\t\t<div class=\"elementor-element elementor-element-e2b6efd elementor-widget elementor-widget-text-editor\" data-id=\"e2b6efd\" data-element_type=\"widget\" data-widget_type=\"text-editor.default\">\n\t\t\t\t<div class=\"elementor-widget-container\">\n\t\t\t\t\t\t\t\t<div class=\"elementor-text-editor elementor-clearfix\">\n\t\t\t\t<p><b>DIGITALIZACI\u00d3N DE DOCUMENTOS:<\/b><\/p>\t\t\t\t\t<\/div>\n\t\t\t\t\t\t<\/div>\n\t\t\t\t<\/div>\n\t\t\t\t\t\t<\/div>\n\t\t\t\t\t<\/div>\n\t\t<\/div>\n\t\t\t\t\t\t\t\t<\/div>\n\t\t\t\t\t<\/div>\n\t\t<\/section>\n\t\t\t\t<section class=\"elementor-section elementor-top-section elementor-element elementor-element-efe2774 elementor-section-boxed elementor-section-height-default elementor-section-height-default\" data-id=\"efe2774\" data-element_type=\"section\">\n\t\t\t\t\t\t<div class=\"elementor-container elementor-column-gap-default\">\n\t\t\t\t\t\t\t<div class=\"elementor-row\">\n\t\t\t\t\t<div class=\"elementor-column elementor-col-100 elementor-top-column elementor-element elementor-element-722df1f\" data-id=\"722df1f\" data-element_type=\"column\">\n\t\t\t<div class=\"elementor-column-wrap elementor-element-populated\">\n\t\t\t\t\t\t\t<div class=\"elementor-widget-wrap\">\n\t\t\t\t\t\t<div class=\"elementor-element elementor-element-1b1df90 elementor-widget elementor-widget-text-editor\" data-id=\"1b1df90\" data-element_type=\"widget\" data-widget_type=\"text-editor.default\">\n\t\t\t\t<div class=\"elementor-widget-container\">\n\t\t\t\t\t\t\t\t<div class=\"elementor-text-editor elementor-clearfix\">\n\t\t\t\t&nbsp;\n<table style=\"border-collapse: collapse; width: 100%; height: 125px;\">\n<tbody>\n<tr style=\"height: 25px;\">\n<td style=\"width: 70%; height: 25px;\"><span style=\"font-family: verdana, geneva, sans-serif; font-size: 16px; font-style: normal; font-variant-ligatures: normal; font-variant-caps: normal; font-weight: 400;\">Por hoja digitalizada<\/span><\/td>\n<td style=\"width: 30%; height: 25px;\"><span style=\"font-family: verdana, geneva, sans-serif;\">$ 20.00<\/span><\/td>\n<\/tr>\n<tr style=\"height: 25px;\">\n<td style=\"width: 70%; height: 25px;\"><span style=\"font-family: verdana, geneva, sans-serif; font-size: 16px; font-style: normal; font-variant-ligatures: normal; font-variant-caps: normal; font-weight: 400;\">Por imagen digitalizada<\/span><\/td>\n<td style=\"width: 30%; height: 25px;\"><span style=\"font-family: verdana, geneva, sans-serif;\">$ 30.00<\/span><\/td>\n<\/tr>\n<tr style=\"height: 25px;\">\n<td style=\"width: 70%; height: 25px;\"><span style=\"font-family: verdana, geneva, sans-serif; font-size: 16px; font-style: normal; font-variant-ligatures: normal; font-variant-caps: normal; font-weight: 400;\">Entrega de documentos digitalizados en CD <span style=\"font-size: 8pt;\"><\/br>(por CD entregado)<\/span><\/span><\/td>\n<td style=\"width: 30%; height: 25px;\"><span style=\"font-family: verdana, geneva, sans-serif;\">$ 105.00<\/span><\/td>\n<\/tr>\n<\/tbody>\n<\/table>\t\t\t\t\t<\/div>\n\t\t\t\t\t\t<\/div>\n\t\t\t\t<\/div>\n\t\t\t\t\t\t<\/div>\n\t\t\t\t\t<\/div>\n\t\t<\/div>\n\t\t\t\t\t\t\t\t<\/div>\n\t\t\t\t\t<\/div>\n\t\t<\/section>\n\t\t\t\t<section class=\"elementor-section elementor-top-section elementor-element elementor-element-4c40a4e elementor-section-boxed elementor-section-height-default elementor-section-height-default\" data-id=\"4c40a4e\" data-element_type=\"section\">\n\t\t\t\t\t\t<div class=\"elementor-container elementor-column-gap-default\">\n\t\t\t\t\t\t\t<div class=\"elementor-row\">\n\t\t\t\t\t<div class=\"elementor-column elementor-col-100 elementor-top-column elementor-element elementor-element-04334a0\" data-id=\"04334a0\" data-element_type=\"column\">\n\t\t\t<div class=\"elementor-column-wrap elementor-element-populated\">\n\t\t\t\t\t\t\t<div class=\"elementor-widget-wrap\">\n\t\t\t\t\t\t<div class=\"elementor-element elementor-element-fa502f6 elementor-widget elementor-widget-text-editor\" data-id=\"fa502f6\" data-element_type=\"widget\" data-widget_type=\"text-editor.default\">\n\t\t\t\t<div class=\"elementor-widget-container\">\n\t\t\t\t\t\t\t\t<div class=\"elementor-text-editor elementor-clearfix\">\n\t\t\t\t<p><b>PROTOCOLOS DE PSICOLOG\u00cdA:<\/b><\/p>\t\t\t\t\t<\/div>\n\t\t\t\t\t\t<\/div>\n\t\t\t\t<\/div>\n\t\t\t\t\t\t<\/div>\n\t\t\t\t\t<\/div>\n\t\t<\/div>\n\t\t\t\t\t\t\t\t<\/div>\n\t\t\t\t\t<\/div>\n\t\t<\/section>\n\t\t\t\t<section class=\"elementor-section elementor-top-section elementor-element elementor-element-3c84211 elementor-section-boxed elementor-section-height-default elementor-section-height-default\" data-id=\"3c84211\" data-element_type=\"section\">\n\t\t\t\t\t\t<div class=\"elementor-container elementor-column-gap-default\">\n\t\t\t\t\t\t\t<div class=\"elementor-row\">\n\t\t\t\t\t<div class=\"elementor-column elementor-col-100 elementor-top-column elementor-element elementor-element-d1c4840\" data-id=\"d1c4840\" data-element_type=\"column\">\n\t\t\t<div class=\"elementor-column-wrap elementor-element-populated\">\n\t\t\t\t\t\t\t<div class=\"elementor-widget-wrap\">\n\t\t\t\t\t\t<div class=\"elementor-element elementor-element-532e477 elementor-widget elementor-widget-text-editor\" data-id=\"532e477\" data-element_type=\"widget\" data-widget_type=\"text-editor.default\">\n\t\t\t\t<div class=\"elementor-widget-container\">\n\t\t\t\t\t\t\t\t<div class=\"elementor-text-editor elementor-clearfix\">\n\t\t\t\t<p>\u00a0<\/p><table style=\"border-collapse: collapse; width: 100%; height: 125px;\"><tbody><tr style=\"height: 25px;\"><td style=\"width: 70%; height: 25px;\"><span style=\"font-family: verdana, geneva, sans-serif; font-size: 16px; font-style: normal; font-variant-ligatures: normal; font-variant-caps: normal; font-weight: 400;\">Protocolo A<\/span><\/td><td style=\"width: 30%; height: 25px;\"><span style=\"font-family: verdana, geneva, sans-serif;\">$ 27.00<\/span><\/td><\/tr><tr style=\"height: 25px;\"><td style=\"width: 70%; height: 25px;\"><span style=\"font-family: verdana, geneva, sans-serif; font-size: 16px; font-style: normal; font-variant-ligatures: normal; font-variant-caps: normal; font-weight: 400;\">Protocolo B<\/span><\/td><td style=\"width: 30%; height: 25px;\"><span style=\"font-family: verdana, geneva, sans-serif;\">$ 48.00<\/span><\/td><\/tr><tr style=\"height: 25px;\"><td style=\"width: 70%; height: 25px;\"><span style=\"font-family: verdana, geneva, sans-serif; font-size: 16px; font-style: normal; font-variant-ligatures: normal; font-variant-caps: normal; font-weight: 400;\">Protocolo C<\/span><\/td><td style=\"width: 30%; height: 25px;\"><span style=\"font-family: verdana, geneva, sans-serif;\">$ 75.00<\/span><\/td><\/tr><tr><td style=\"width: 70%;\"><span style=\"font-family: verdana, geneva, sans-serif; font-size: 16px; font-style: normal; font-variant-ligatures: normal; font-variant-caps: normal; font-weight: 400;\">Protocolo D<\/span><\/td><td style=\"width: 30%;\"><span style=\"font-family: verdana, geneva, sans-serif;\">$ 150.00<\/span><\/td><\/tr><tr><td style=\"width: 70%;\"><span style=\"font-family: verdana, geneva, sans-serif; font-size: 16px; font-style: normal; font-variant-ligatures: normal; font-variant-caps: normal; font-weight: 400;\">Multa por prueba<\/span><\/td><td style=\"width: 30%;\"><span style=\"font-family: verdana, geneva, sans-serif;\">$ 25.00<\/span><\/td><\/tr><\/tbody><\/table>\t\t\t\t\t<\/div>\n\t\t\t\t\t\t<\/div>\n\t\t\t\t<\/div>\n\t\t\t\t\t\t<\/div>\n\t\t\t\t\t<\/div>\n\t\t<\/div>\n\t\t\t\t\t\t\t\t<\/div>\n\t\t\t\t\t<\/div>\n\t\t<\/section>\n\t\t\t\t<section class=\"elementor-section elementor-top-section elementor-element elementor-element-279e4cc elementor-section-boxed elementor-section-height-default elementor-section-height-default\" data-id=\"279e4cc\" data-element_type=\"section\">\n\t\t\t\t\t\t<div class=\"elementor-container elementor-column-gap-default\">\n\t\t\t\t\t\t\t<div class=\"elementor-row\">\n\t\t\t\t\t<div class=\"elementor-column elementor-col-100 elementor-top-column elementor-element elementor-element-1e3ea6c\" data-id=\"1e3ea6c\" data-element_type=\"column\">\n\t\t\t<div class=\"elementor-column-wrap elementor-element-populated\">\n\t\t\t\t\t\t\t<div class=\"elementor-widget-wrap\">\n\t\t\t\t\t\t<div class=\"elementor-element elementor-element-51dc66d elementor-widget elementor-widget-heading\" data-id=\"51dc66d\" data-element_type=\"widget\" data-widget_type=\"heading.default\">\n\t\t\t\t<div class=\"elementor-widget-container\">\n\t\t\t<h2 class=\"elementor-heading-title elementor-size-default\">SANCIONES<\/h2>\t\t<\/div>\n\t\t\t\t<\/div>\n\t\t\t\t\t\t<\/div>\n\t\t\t\t\t<\/div>\n\t\t<\/div>\n\t\t\t\t\t\t\t\t<\/div>\n\t\t\t\t\t<\/div>\n\t\t<\/section>\n\t\t\t\t<section class=\"elementor-section elementor-top-section elementor-element elementor-element-0ec2b57 elementor-section-boxed elementor-section-height-default elementor-section-height-default\" data-id=\"0ec2b57\" data-element_type=\"section\">\n\t\t\t\t\t\t<div class=\"elementor-container elementor-column-gap-default\">\n\t\t\t\t\t\t\t<div class=\"elementor-row\">\n\t\t\t\t\t<div class=\"elementor-column elementor-col-100 elementor-top-column elementor-element elementor-element-cc96a88\" data-id=\"cc96a88\" data-element_type=\"column\">\n\t\t\t<div class=\"elementor-column-wrap elementor-element-populated\">\n\t\t\t\t\t\t\t<div class=\"elementor-widget-wrap\">\n\t\t\t\t\t\t<div class=\"elementor-element elementor-element-cbad5e1 elementor-widget elementor-widget-text-editor\" data-id=\"cbad5e1\" data-element_type=\"widget\" data-widget_type=\"text-editor.default\">\n\t\t\t\t<div class=\"elementor-widget-container\">\n\t\t\t\t\t\t\t\t<div class=\"elementor-text-editor elementor-clearfix\">\n\t\t\t\t<p><b>MULTAS POR RETRASO :<\/b><\/p>\t\t\t\t\t<\/div>\n\t\t\t\t\t\t<\/div>\n\t\t\t\t<\/div>\n\t\t\t\t\t\t<\/div>\n\t\t\t\t\t<\/div>\n\t\t<\/div>\n\t\t\t\t\t\t\t\t<\/div>\n\t\t\t\t\t<\/div>\n\t\t<\/section>\n\t\t\t\t<section class=\"elementor-section elementor-top-section elementor-element elementor-element-99edb81 elementor-section-boxed elementor-section-height-default elementor-section-height-default\" data-id=\"99edb81\" data-element_type=\"section\">\n\t\t\t\t\t\t<div class=\"elementor-container elementor-column-gap-default\">\n\t\t\t\t\t\t\t<div class=\"elementor-row\">\n\t\t\t\t\t<div class=\"elementor-column elementor-col-100 elementor-top-column elementor-element elementor-element-cfa86c9\" data-id=\"cfa86c9\" data-element_type=\"column\">\n\t\t\t<div class=\"elementor-column-wrap elementor-element-populated\">\n\t\t\t\t\t\t\t<div class=\"elementor-widget-wrap\">\n\t\t\t\t\t\t<div class=\"elementor-element elementor-element-84eaada elementor-widget elementor-widget-text-editor\" data-id=\"84eaada\" data-element_type=\"widget\" data-widget_type=\"text-editor.default\">\n\t\t\t\t<div class=\"elementor-widget-container\">\n\t\t\t\t\t\t\t\t<div class=\"elementor-text-editor elementor-clearfix\">\n\t\t\t\t<table style=\"border-collapse: collapse; width: 100%;\"><tbody><tr><td style=\"width: 70%;\"><span style=\"font-family: verdana, geneva, sans-serif;\">Libros, tesis, etc.<\/span><\/td><td style=\"width: 30%;\"><span style=\"font-family: verdana, geneva, sans-serif;\">$ 28.00<\/span><\/td><\/tr><tr><td style=\"width: 70%;\"><span style=\"font-family: verdana, geneva, sans-serif;\">Devoluci\u00f3n de libros de reserva por hora<\/span><\/td><td style=\"width: 30%;\"><span style=\"font-family: verdana, geneva, sans-serif;\">$ 28.00<\/span><\/td><\/tr><tr><td style=\"width: 70%;\"><span style=\"font-family: verdana, geneva, sans-serif;\">Multas por prueba del protocolo de psicolog\u00eda<\/span><\/td><td style=\"width: 30%;\"><span style=\"font-family: verdana, geneva, sans-serif;\">$ 28.00<\/span><\/td><\/tr><\/tbody><\/table>\t\t\t\t\t<\/div>\n\t\t\t\t\t\t<\/div>\n\t\t\t\t<\/div>\n\t\t\t\t\t\t<\/div>\n\t\t\t\t\t<\/div>\n\t\t<\/div>\n\t\t\t\t\t\t\t\t<\/div>\n\t\t\t\t\t<\/div>\n\t\t<\/section>\n\t\t\t\t<section class=\"elementor-section elementor-top-section elementor-element elementor-element-4e8cef4 elementor-section-boxed elementor-section-height-default elementor-section-height-default\" data-id=\"4e8cef4\" data-element_type=\"section\">\n\t\t\t\t\t\t<div class=\"elementor-container elementor-column-gap-default\">\n\t\t\t\t\t\t\t<div class=\"elementor-row\">\n\t\t\t\t\t<div class=\"elementor-column elementor-col-100 elementor-top-column elementor-element elementor-element-251ac80\" data-id=\"251ac80\" data-element_type=\"column\">\n\t\t\t<div class=\"elementor-column-wrap elementor-element-populated\">\n\t\t\t\t\t\t\t<div class=\"elementor-widget-wrap\">\n\t\t\t\t\t\t<div class=\"elementor-element elementor-element-ea61dd0 elementor-widget elementor-widget-text-editor\" data-id=\"ea61dd0\" data-element_type=\"widget\" data-widget_type=\"text-editor.default\">\n\t\t\t\t<div class=\"elementor-widget-container\">\n\t\t\t\t\t\t\t\t<div class=\"elementor-text-editor elementor-clearfix\">\n\t\t\t\t<p><b>MULTAS POR PERDIDA :<\/b><\/p>\t\t\t\t\t<\/div>\n\t\t\t\t\t\t<\/div>\n\t\t\t\t<\/div>\n\t\t\t\t\t\t<\/div>\n\t\t\t\t\t<\/div>\n\t\t<\/div>\n\t\t\t\t\t\t\t\t<\/div>\n\t\t\t\t\t<\/div>\n\t\t<\/section>\n\t\t\t\t<section class=\"elementor-section elementor-top-section elementor-element elementor-element-7b205c5 elementor-section-boxed elementor-section-height-default elementor-section-height-default\" data-id=\"7b205c5\" data-element_type=\"section\">\n\t\t\t\t\t\t<div class=\"elementor-container elementor-column-gap-default\">\n\t\t\t\t\t\t\t<div class=\"elementor-row\">\n\t\t\t\t\t<div class=\"elementor-column elementor-col-100 elementor-top-column elementor-element elementor-element-7149694\" data-id=\"7149694\" data-element_type=\"column\">\n\t\t\t<div class=\"elementor-column-wrap elementor-element-populated\">\n\t\t\t\t\t\t\t<div class=\"elementor-widget-wrap\">\n\t\t\t\t\t\t<div class=\"elementor-element elementor-element-39fb9e6 elementor-widget elementor-widget-text-editor\" data-id=\"39fb9e6\" data-element_type=\"widget\" data-widget_type=\"text-editor.default\">\n\t\t\t\t<div class=\"elementor-widget-container\">\n\t\t\t\t\t\t\t\t<div class=\"elementor-text-editor elementor-clearfix\">\n\t\t\t\t<table style=\"border-collapse: collapse; width: 100%;\">\n<tbody>\n<tr>\n<td style=\"width: 70%;\"><span style=\"font-family: verdana, geneva, sans-serif;\">En la reposici\u00f3n de un material igual al perdido<\/span><\/td>\n<td style=\"width: 30%;\"><span style=\"font-family: verdana, geneva, sans-serif;\">$ 250.00<\/span><\/td>\n<\/tr>\n<tr>\n<td style=\"width: 70%;\"><span style=\"font-family: verdana, geneva, sans-serif;\">En la reposici\u00f3n de un t\u00edtulo diferente al material perdido<\/span><\/td>\n<td style=\"width: 30%;\"><span style=\"font-family: verdana, geneva, sans-serif;\">$ 1,445.00<\/span><\/td>\n<\/tr>\n\n<\/tbody>\n<\/table>\t\t\t\t\t<\/div>\n\t\t\t\t\t\t<\/div>\n\t\t\t\t<\/div>\n\t\t\t\t\t\t<\/div>\n\t\t\t\t\t<\/div>\n\t\t<\/div>\n\t\t\t\t\t\t\t\t<\/div>\n\t\t\t\t\t<\/div>\n\t\t<\/section>\n\t\t\t\t<section class=\"elementor-section elementor-top-section elementor-element elementor-element-bfa8934 elementor-section-boxed elementor-section-height-default elementor-section-height-default\" data-id=\"bfa8934\" data-element_type=\"section\">\n\t\t\t\t\t\t<div class=\"elementor-container elementor-column-gap-default\">\n\t\t\t\t\t\t\t<div class=\"elementor-row\">\n\t\t\t\t\t<div class=\"elementor-column elementor-col-100 elementor-top-column elementor-element elementor-element-84f8472\" data-id=\"84f8472\" data-element_type=\"column\">\n\t\t\t<div class=\"elementor-column-wrap elementor-element-populated\">\n\t\t\t\t\t\t\t<div class=\"elementor-widget-wrap\">\n\t\t\t\t\t\t<div class=\"elementor-element elementor-element-4d73adc elementor-widget elementor-widget-text-editor\" data-id=\"4d73adc\" data-element_type=\"widget\" data-widget_type=\"text-editor.default\">\n\t\t\t\t<div class=\"elementor-widget-container\">\n\t\t\t\t\t\t\t\t<div class=\"elementor-text-editor elementor-clearfix\">\n\t\t\t\t<p>Comunicaci\u00f3n Oficial 672 \/ <span style=\"color: #999999;\">Diciembre 2025<\/span>\u00a0 \u00a0<a href=\"https:\/\/extbox.ibero.mx\/comunicados\/archivos\/CO_672.pdf\" target=\"_blank\" rel=\"noopener\">Ver +<\/a><\/p>\t\t\t\t\t<\/div>\n\t\t\t\t\t\t<\/div>\n\t\t\t\t<\/div>\n\t\t\t\t\t\t<\/div>\n\t\t\t\t\t<\/div>\n\t\t<\/div>\n\t\t\t\t\t\t\t\t<\/div>\n\t\t\t\t\t<\/div>\n\t\t<\/section>\n\t\t\t\t\t\t\t\t\t<\/div>\n\t\t\t<\/div>\n\t\t\t\t\t<\/div>\n\t\t","protected":false},"excerpt":{"rendered":"<p>SERVICIOS Cuotas por servicios y sanciones \/ a partir de enero de 2026 FOTOCOPIAS EN EL ACERVO HIST\u00d3RICO: Tama\u00f1o carta $ 5.00 Tama\u00f1o oficio $ 5.00 Reducci\u00f3n $ 28.00 Doble carta $ 28.00 Reproducci\u00f3n de microfilm a papel $ 28.00<\/p>\n","protected":false},"author":2,"featured_media":0,"parent":5,"menu_order":10,"comment_status":"closed","ping_status":"closed","template":"","meta":[],"_links":{"self":[{"href":"https:\/\/www.bib.ibero.mx\/site\/index.php\/wp-json\/wp\/v2\/pages\/3014"}],"collection":[{"href":"https:\/\/www.bib.ibero.mx\/site\/index.php\/wp-json\/wp\/v2\/pages"}],"about":[{"href":"https:\/\/www.bib.ibero.mx\/site\/index.php\/wp-json\/wp\/v2\/types\/page"}],"author":[{"embeddable":true,"href":"https:\/\/www.bib.ibero.mx\/site\/index.php\/wp-json\/wp\/v2\/users\/2"}],"replies":[{"embeddable":true,"href":"https:\/\/www.bib.ibero.mx\/site\/index.php\/wp-json\/wp\/v2\/comments?post=3014"}],"version-history":[{"count":38,"href":"https:\/\/www.bib.ibero.mx\/site\/index.php\/wp-json\/wp\/v2\/pages\/3014\/revisions"}],"predecessor-version":[{"id":19167,"href":"https:\/\/www.bib.ibero.mx\/site\/index.php\/wp-json\/wp\/v2\/pages\/3014\/revisions\/19167"}],"up":[{"embeddable":true,"href":"https:\/\/www.bib.ibero.mx\/site\/index.php\/wp-json\/wp\/v2\/pages\/5"}],"wp:attachment":[{"href":"https:\/\/www.bib.ibero.mx\/site\/index.php\/wp-json\/wp\/v2\/media?parent=3014"}],"curies":[{"name":"wp","href":"https:\/\/api.w.org\/{rel}","templated":true}]}}