{"id":2074,"date":"2019-03-22T10:47:51","date_gmt":"2019-03-22T16:47:51","guid":{"rendered":"http:\/\/www.bib.ibero.mx\/site\/?page_id=2074"},"modified":"2024-05-08T11:43:14","modified_gmt":"2024-05-08T17:43:14","slug":"acervos-historicos","status":"publish","type":"page","link":"https:\/\/www.bib.ibero.mx\/site\/index.php\/inicio\/acervos-historicos\/","title":{"rendered":"Acervos hist\u00f3ricos"},"content":{"rendered":"\t\t<div data-elementor-type=\"wp-post\" data-elementor-id=\"2074\" class=\"elementor elementor-2074\">\n\t\t\t\t\t\t<div class=\"elementor-inner\">\n\t\t\t\t<div class=\"elementor-section-wrap\">\n\t\t\t\t\t\t\t\t\t<section class=\"elementor-section elementor-top-section elementor-element elementor-element-7801418 elementor-section-stretched elementor-section-boxed elementor-section-height-default elementor-section-height-default\" data-id=\"7801418\" data-element_type=\"section\" data-settings=\"{&quot;stretch_section&quot;:&quot;section-stretched&quot;}\">\n\t\t\t\t\t\t<div class=\"elementor-container elementor-column-gap-default\">\n\t\t\t\t\t\t\t<div class=\"elementor-row\">\n\t\t\t\t\t<div class=\"elementor-column elementor-col-100 elementor-top-column elementor-element elementor-element-721bebc\" data-id=\"721bebc\" data-element_type=\"column\">\n\t\t\t<div class=\"elementor-column-wrap elementor-element-populated\">\n\t\t\t\t\t\t\t<div class=\"elementor-widget-wrap\">\n\t\t\t\t\t\t<div class=\"elementor-element elementor-element-da59a82 elementor-widget elementor-widget-image\" data-id=\"da59a82\" data-element_type=\"widget\" data-widget_type=\"image.default\">\n\t\t\t\t<div class=\"elementor-widget-container\">\n\t\t\t\t\t\t\t\t<div class=\"elementor-image\">\n\t\t\t\t\t\t\t\t\t\t\t\t<img decoding=\"async\" src=\"http:\/\/www.bib.ibero.mx\/site\/wp-content\/uploads\/2019\/04\/sala_manuel_pa.jpg\" title=\"\" alt=\"\" loading=\"lazy\" \/>\t\t\t\t\t\t\t\t\t\t\t\t\t\t<\/div>\n\t\t\t\t\t\t<\/div>\n\t\t\t\t<\/div>\n\t\t\t\t\t\t<\/div>\n\t\t\t\t\t<\/div>\n\t\t<\/div>\n\t\t\t\t\t\t\t\t<\/div>\n\t\t\t\t\t<\/div>\n\t\t<\/section>\n\t\t\t\t<section class=\"elementor-section elementor-top-section elementor-element elementor-element-809377b elementor-section-boxed elementor-section-height-default elementor-section-height-default\" data-id=\"809377b\" data-element_type=\"section\">\n\t\t\t\t\t\t<div class=\"elementor-container elementor-column-gap-default\">\n\t\t\t\t\t\t\t<div class=\"elementor-row\">\n\t\t\t\t\t<div class=\"elementor-column elementor-col-50 elementor-top-column elementor-element elementor-element-8022163\" data-id=\"8022163\" data-element_type=\"column\" data-settings=\"{&quot;background_background&quot;:&quot;classic&quot;,&quot;animation&quot;:&quot;none&quot;}\">\n\t\t\t<div class=\"elementor-column-wrap elementor-element-populated\">\n\t\t\t\t\t\t\t<div class=\"elementor-widget-wrap\">\n\t\t\t\t\t\t<div class=\"elementor-element elementor-element-c4b4737 animated-slow elementor-invisible elementor-widget elementor-widget-accordion\" data-id=\"c4b4737\" data-element_type=\"widget\" data-settings=\"{&quot;_animation&quot;:&quot;fadeIn&quot;}\" data-widget_type=\"accordion.default\">\n\t\t\t\t<div class=\"elementor-widget-container\">\n\t\t\t\t\t<div class=\"elementor-accordion\">\n\t\t\t\t\t\t\t<div class=\"elementor-accordion-item\">\n\t\t\t\t\t<div id=\"elementor-tab-title-2061\" class=\"elementor-tab-title\" data-tab=\"1\" role=\"button\" aria-controls=\"elementor-tab-content-2061\" aria-expanded=\"false\">\n\t\t\t\t\t\t\t\t\t\t\t\t\t<span class=\"elementor-accordion-icon elementor-accordion-icon-left\" aria-hidden=\"true\">\n\t\t\t\t\t\t\t\t\t\t\t\t\t\t\t<span class=\"elementor-accordion-icon-closed\"><i class=\"fas fa-plus\"><\/i><\/span>\n\t\t\t\t\t\t\t\t<span class=\"elementor-accordion-icon-opened\"><i class=\"fas fa-file\"><\/i><\/span>\n\t\t\t\t\t\t\t\t\t\t\t\t\t\t<\/span>\n\t\t\t\t\t\t\t\t\t\t\t\t<a class=\"elementor-accordion-title\" tabindex=\"0\">Archivos<\/a>\n\t\t\t\t\t<\/div>\n\t\t\t\t\t<div id=\"elementor-tab-content-2061\" class=\"elementor-tab-content elementor-clearfix\" data-tab=\"1\" role=\"region\" aria-labelledby=\"elementor-tab-title-2061\"><p><span style=\"color: #d6d2c4;\">Acci\u00f3n Cat\u00f3lica Mexicana<\/span><br \/><span style=\"color: #d6d2c4;\">Alberto Salinas Carranza<\/span><br \/><span style=\"color: #d6d2c4;\">Compa\u00f1\u00eda de Francisco de Ignacio de Yratea<\/span><br \/><span style=\"color: #d6d2c4;\">Compa\u00f1ia Industrial de Guadalajara<\/span><br \/><span style=\"color: #d6d2c4;\">Elena Torres<\/span><br \/><span style=\"color: #d6d2c4;\">Hacienda de San Bartolom\u00e9 de los Tepetates<\/span><br \/><span style=\"color: #d6d2c4;\">Hacienda de San Nicol\u00e1s Tolentino<\/span><br \/><span style=\"color: #d6d2c4;\">Haciendas de la Familia Abiega<\/span><br \/><span style=\"color: #d6d2c4;\">Haciendas de Tlaxcala<\/span><br \/><span style=\"color: #d6d2c4;\">Instituto Patria<\/span><br \/><span style=\"color: #d6d2c4;\">Joaqu\u00edn Cardoso<\/span><br \/><span style=\"color: #d6d2c4;\">Joaquin Pedrero<\/span><br \/><span style=\"color: #d6d2c4;\">Jos\u00e9 de Jes\u00fas Sam L\u00f3pez: Un Sinarquista<\/span><br \/><span style=\"color: #d6d2c4;\">Manuel Fernando Soto Pastrana<\/span><br \/><span style=\"color: #d6d2c4;\">Manuel Gonz\u00e1lez<\/span><br \/><span style=\"color: #d6d2c4;\">Rafael Torres Bele\u00f1a<\/span><br \/><span style=\"color: #d6d2c4;\">Manuel F. Enr\u00edquez<\/span><br \/><span style=\"color: #d6d2c4;\">Mariano Arista<\/span><br \/><span style=\"color: #d6d2c4;\">Toribio Esquivel Obreg\u00f3n<\/span><br \/><span style=\"color: #d6d2c4;\">Jos\u00e9 M. Gallegos Rocafull<\/span><br \/><span style=\"color: #d6d2c4;\">Uni\u00f3n Femenina Cat\u00f3lica Mexicana<\/span><br \/><span style=\"color: #d6d2c4;\">Jos\u00e9 F. Elizondo Kien.<\/span><br \/><span style=\"color: #d6d2c4;\">Actas de cabildo de la ciudad de M\u00e9xico<\/span><br \/><span style=\"color: #d6d2c4;\">Movimiento Cristero<\/span><br \/><span style=\"color: #d6d2c4;\">Nacional de Washington<\/span><br \/><span style=\"color: #d6d2c4;\">Archivo Secreto Vaticano<\/span><\/p><\/div>\n\t\t\t\t<\/div>\n\t\t\t\t\t\t\t\t<\/div>\n\t\t\t\t<\/div>\n\t\t\t\t<\/div>\n\t\t\t\t\t\t<\/div>\n\t\t\t\t\t<\/div>\n\t\t<\/div>\n\t\t\t\t<div class=\"elementor-column elementor-col-50 elementor-top-column elementor-element elementor-element-dd5ca32\" data-id=\"dd5ca32\" data-element_type=\"column\" data-settings=\"{&quot;background_background&quot;:&quot;classic&quot;,&quot;animation&quot;:&quot;none&quot;}\">\n\t\t\t<div class=\"elementor-column-wrap elementor-element-populated\">\n\t\t\t\t\t\t\t<div class=\"elementor-widget-wrap\">\n\t\t\t\t\t\t<div class=\"elementor-element elementor-element-3b69e89 elementor-invisible elementor-widget elementor-widget-accordion\" data-id=\"3b69e89\" data-element_type=\"widget\" data-settings=\"{&quot;_animation&quot;:&quot;fadeIn&quot;}\" data-widget_type=\"accordion.default\">\n\t\t\t\t<div class=\"elementor-widget-container\">\n\t\t\t\t\t<div class=\"elementor-accordion\">\n\t\t\t\t\t\t\t<div class=\"elementor-accordion-item\">\n\t\t\t\t\t<div id=\"elementor-tab-title-6221\" class=\"elementor-tab-title\" data-tab=\"1\" role=\"button\" aria-controls=\"elementor-tab-content-6221\" aria-expanded=\"false\">\n\t\t\t\t\t\t\t\t\t\t\t\t\t<span class=\"elementor-accordion-icon elementor-accordion-icon-left\" aria-hidden=\"true\">\n\t\t\t\t\t\t\t\t\t\t\t\t\t\t\t<span class=\"elementor-accordion-icon-closed\"><i class=\"fas fa-plus\"><\/i><\/span>\n\t\t\t\t\t\t\t\t<span class=\"elementor-accordion-icon-opened\"><i class=\"far fa-file-image\"><\/i><\/span>\n\t\t\t\t\t\t\t\t\t\t\t\t\t\t<\/span>\n\t\t\t\t\t\t\t\t\t\t\t\t<a class=\"elementor-accordion-title\" tabindex=\"0\">Colecciones<\/a>\n\t\t\t\t\t<\/div>\n\t\t\t\t\t<div id=\"elementor-tab-content-6221\" class=\"elementor-tab-content elementor-clearfix\" data-tab=\"1\" role=\"region\" aria-labelledby=\"elementor-tab-title-6221\"><p><span style=\"color: #d6d2c4;\">Golpe de Estado de Chile<\/span><br \/><span style=\"color: #d6d2c4;\">Manuscritos de la BFXC<\/span><br \/><span style=\"color: #d6d2c4;\">Nicaragua<\/span><br \/><span style=\"color: #d6d2c4;\">Porfirio D\u00edaz<\/span><br \/><span style=\"color: #d6d2c4;\">Colecci\u00f3n de Documental del Movimiento Estudiantil de 1968<\/span><br \/><span style=\"color: #d6d2c4;\">Fotograf\u00edas de la BFXC (ANTES MISCEL\u00c1NEA FOTOGR\u00c1FICA)<\/span><br \/><span style=\"color: #d6d2c4;\">Postales Manuel Ignacio P\u00e9rez Alonso<\/span><br \/><span style=\"color: #d6d2c4;\">Colecci\u00f3n Documental sobre la independencia mexicana<\/span><br \/><span style=\"color: #d6d2c4;\">Colecci\u00f3n Fotogr\u00e1fica Manuel D\u00edaz<\/span><br \/><span style=\"color: #d6d2c4;\">Postales de la decena tr\u00e1gica<\/span><br \/><span style=\"color: #d6d2c4;\">Tem\u00e1tica hemerogr\u00e1fica<\/span><\/p><\/div>\n\t\t\t\t<\/div>\n\t\t\t\t\t\t\t\t<\/div>\n\t\t\t\t<\/div>\n\t\t\t\t<\/div>\n\t\t\t\t\t\t<\/div>\n\t\t\t\t\t<\/div>\n\t\t<\/div>\n\t\t\t\t\t\t\t\t<\/div>\n\t\t\t\t\t<\/div>\n\t\t<\/section>\n\t\t\t\t<section class=\"elementor-section elementor-top-section elementor-element elementor-element-bd970da elementor-section-boxed elementor-section-height-default elementor-section-height-default\" data-id=\"bd970da\" data-element_type=\"section\">\n\t\t\t\t\t\t<div class=\"elementor-container elementor-column-gap-default\">\n\t\t\t\t\t\t\t<div class=\"elementor-row\">\n\t\t\t\t\t<div class=\"elementor-column elementor-col-100 elementor-top-column elementor-element elementor-element-d81ee6a\" data-id=\"d81ee6a\" data-element_type=\"column\" data-settings=\"{&quot;background_background&quot;:&quot;classic&quot;}\">\n\t\t\t<div class=\"elementor-column-wrap elementor-element-populated\">\n\t\t\t\t\t\t\t<div class=\"elementor-widget-wrap\">\n\t\t\t\t\t\t<div class=\"elementor-element elementor-element-8641a8a elementor-widget elementor-widget-text-editor\" data-id=\"8641a8a\" data-element_type=\"widget\" data-widget_type=\"text-editor.default\">\n\t\t\t\t<div class=\"elementor-widget-container\">\n\t\t\t\t\t\t\t\t<div class=\"elementor-text-editor elementor-clearfix\">\n\t\t\t\t<p style=\"text-align: center;\"><span style=\"font-family: tahoma, arial, helvetica, sans-serif; color: #ffffff; font-size: 18pt;\">Libros antiguos y raros<\/span><\/p>\t\t\t\t\t<\/div>\n\t\t\t\t\t\t<\/div>\n\t\t\t\t<\/div>\n\t\t\t\t\t\t<\/div>\n\t\t\t\t\t<\/div>\n\t\t<\/div>\n\t\t\t\t\t\t\t\t<\/div>\n\t\t\t\t\t<\/div>\n\t\t<\/section>\n\t\t\t\t<section class=\"elementor-section elementor-top-section elementor-element elementor-element-929376b elementor-section-boxed elementor-section-height-default elementor-section-height-default\" data-id=\"929376b\" data-element_type=\"section\">\n\t\t\t\t\t\t<div class=\"elementor-container elementor-column-gap-default\">\n\t\t\t\t\t\t\t<div class=\"elementor-row\">\n\t\t\t\t\t<div class=\"elementor-column elementor-col-100 elementor-top-column elementor-element elementor-element-12bb4be\" data-id=\"12bb4be\" data-element_type=\"column\">\n\t\t\t<div class=\"elementor-column-wrap elementor-element-populated\">\n\t\t\t\t\t\t\t<div class=\"elementor-widget-wrap\">\n\t\t\t\t\t\t<div class=\"elementor-element elementor-element-b61e926 elementor-widget elementor-widget-spacer\" data-id=\"b61e926\" data-element_type=\"widget\" data-widget_type=\"spacer.default\">\n\t\t\t\t<div class=\"elementor-widget-container\">\n\t\t\t\t\t<div class=\"elementor-spacer\">\n\t\t\t<div class=\"elementor-spacer-inner\"><\/div>\n\t\t<\/div>\n\t\t\t\t<\/div>\n\t\t\t\t<\/div>\n\t\t\t\t\t\t<\/div>\n\t\t\t\t\t<\/div>\n\t\t<\/div>\n\t\t\t\t\t\t\t\t<\/div>\n\t\t\t\t\t<\/div>\n\t\t<\/section>\n\t\t\t\t<section class=\"elementor-section elementor-top-section elementor-element elementor-element-b08ad5c elementor-section-boxed elementor-section-height-default elementor-section-height-default\" data-id=\"b08ad5c\" data-element_type=\"section\">\n\t\t\t\t\t\t<div class=\"elementor-container elementor-column-gap-default\">\n\t\t\t\t\t\t\t<div class=\"elementor-row\">\n\t\t\t\t\t<div class=\"elementor-column elementor-col-100 elementor-top-column elementor-element elementor-element-e0aea38\" data-id=\"e0aea38\" data-element_type=\"column\" data-settings=\"{&quot;background_background&quot;:&quot;classic&quot;}\">\n\t\t\t<div class=\"elementor-column-wrap elementor-element-populated\">\n\t\t\t\t\t\t\t<div class=\"elementor-widget-wrap\">\n\t\t\t\t\t\t<div class=\"elementor-element elementor-element-c1942c1 elementor-widget elementor-widget-text-editor\" data-id=\"c1942c1\" data-element_type=\"widget\" data-widget_type=\"text-editor.default\">\n\t\t\t\t<div class=\"elementor-widget-container\">\n\t\t\t\t\t\t\t\t<div class=\"elementor-text-editor elementor-clearfix\">\n\t\t\t\t<p style=\"text-align: center;\"><span style=\"font-size: 14pt; color: #d6d2c4;\"><span style=\"font-family: tahoma, arial, helvetica, sans-serif;\">Pol\u00edticas:<\/span><\/span><\/p>\t\t\t\t\t<\/div>\n\t\t\t\t\t\t<\/div>\n\t\t\t\t<\/div>\n\t\t\t\t\t\t<\/div>\n\t\t\t\t\t<\/div>\n\t\t<\/div>\n\t\t\t\t\t\t\t\t<\/div>\n\t\t\t\t\t<\/div>\n\t\t<\/section>\n\t\t\t\t<section class=\"elementor-section elementor-top-section elementor-element elementor-element-906809e elementor-section-boxed elementor-section-height-default elementor-section-height-default\" data-id=\"906809e\" data-element_type=\"section\">\n\t\t\t\t\t\t<div class=\"elementor-container elementor-column-gap-default\">\n\t\t\t\t\t\t\t<div class=\"elementor-row\">\n\t\t\t\t\t<div class=\"elementor-column elementor-col-50 elementor-top-column elementor-element elementor-element-bfd06a3\" data-id=\"bfd06a3\" data-element_type=\"column\">\n\t\t\t<div class=\"elementor-column-wrap elementor-element-populated\">\n\t\t\t\t\t\t\t<div class=\"elementor-widget-wrap\">\n\t\t\t\t\t\t<div class=\"elementor-element elementor-element-6f3a304 elementor-widget elementor-widget-text-editor\" data-id=\"6f3a304\" data-element_type=\"widget\" data-widget_type=\"text-editor.default\">\n\t\t\t\t<div class=\"elementor-widget-container\">\n\t\t\t\t\t\t\t\t<div class=\"elementor-text-editor elementor-clearfix\">\n\t\t\t\t<p><span style=\"color: #993300;\">Para hacer uso del material:<\/span><\/p><ul style=\"list-style-type: disc;\"><li style=\"text-align: justify;\">Consulte la colecci\u00f3n de libros antiguos y raros, en el cat\u00e1logo p\u00fablico\u00a0 en l\u00ednea.<\/li><\/ul><div style=\"text-align: justify;\">\u00a0<\/div><ul style=\"list-style-type: disc;\"><li style=\"text-align: justify;\">De acuerdo con la clasificaci\u00f3n que se despliega en la pantalla de ejemplares, solicite al personal, de uno en uno, los libros que necesite.<\/li><\/ul>\t\t\t\t\t<\/div>\n\t\t\t\t\t\t<\/div>\n\t\t\t\t<\/div>\n\t\t\t\t\t\t<\/div>\n\t\t\t\t\t<\/div>\n\t\t<\/div>\n\t\t\t\t<div class=\"elementor-column elementor-col-50 elementor-top-column elementor-element elementor-element-dcb7622\" data-id=\"dcb7622\" data-element_type=\"column\">\n\t\t\t<div class=\"elementor-column-wrap elementor-element-populated\">\n\t\t\t\t\t\t\t<div class=\"elementor-widget-wrap\">\n\t\t\t\t\t\t<div class=\"elementor-element elementor-element-3f5e26b elementor-widget elementor-widget-text-editor\" data-id=\"3f5e26b\" data-element_type=\"widget\" data-widget_type=\"text-editor.default\">\n\t\t\t\t<div class=\"elementor-widget-container\">\n\t\t\t\t\t\t\t\t<div class=\"elementor-text-editor elementor-clearfix\">\n\t\t\t\t<p><span style=\"color: #993300;\">Pol\u00edticas de prestamo:<\/span><\/p><ul style=\"list-style-type: disc;\"><li>Puede consultar el material exclusivamente dentro del \u00e1rea de acervos hist\u00f3ricos.<\/li><li>Solo esta permitido usar l\u00e1piz o computadoras port\u00e1tiles durante la consulta.<\/li><li>No apoyarse sobre los libros o documentos al escribir.<\/li><li>Dependiendo de las condiciones del material, \u00e9ste podr\u00e1 o no ser fotocopiado.<\/li><li>Durante ese tiempo, debe dejar su credencial de la IBERO a la persona que le atienda.<\/li><\/ul>\t\t\t\t\t<\/div>\n\t\t\t\t\t\t<\/div>\n\t\t\t\t<\/div>\n\t\t\t\t\t\t<\/div>\n\t\t\t\t\t<\/div>\n\t\t<\/div>\n\t\t\t\t\t\t\t\t<\/div>\n\t\t\t\t\t<\/div>\n\t\t<\/section>\n\t\t\t\t<section class=\"elementor-section elementor-top-section elementor-element elementor-element-65e781a elementor-section-boxed elementor-section-height-default elementor-section-height-default\" data-id=\"65e781a\" data-element_type=\"section\">\n\t\t\t\t\t\t<div class=\"elementor-container elementor-column-gap-default\">\n\t\t\t\t\t\t\t<div class=\"elementor-row\">\n\t\t\t\t\t<div class=\"elementor-column elementor-col-100 elementor-top-column elementor-element elementor-element-b7fa958\" data-id=\"b7fa958\" data-element_type=\"column\">\n\t\t\t<div class=\"elementor-column-wrap elementor-element-populated\">\n\t\t\t\t\t\t\t<div class=\"elementor-widget-wrap\">\n\t\t\t\t\t\t<div class=\"elementor-element elementor-element-e0ca286 elementor-widget elementor-widget-text-editor\" data-id=\"e0ca286\" data-element_type=\"widget\" data-widget_type=\"text-editor.default\">\n\t\t\t\t<div class=\"elementor-widget-container\">\n\t\t\t\t\t\t\t\t<div class=\"elementor-text-editor elementor-clearfix\">\n\t\t\t\t<p><span style=\"color: #993300; font-family: tahoma, arial, helvetica, sans-serif; font-size: 14pt;\">Sanciones:<\/span><\/p><p>Es importante que no marque ni altere el material. Cualquier da\u00f1o deber\u00e1 ser reparado seg\u00fan el diagn\u00f3stico del restaurador.<\/p>\t\t\t\t\t<\/div>\n\t\t\t\t\t\t<\/div>\n\t\t\t\t<\/div>\n\t\t\t\t\t\t<\/div>\n\t\t\t\t\t<\/div>\n\t\t<\/div>\n\t\t\t\t\t\t\t\t<\/div>\n\t\t\t\t\t<\/div>\n\t\t<\/section>\n\t\t\t\t<section class=\"elementor-section elementor-top-section elementor-element elementor-element-82f0bc8 elementor-section-boxed elementor-section-height-default elementor-section-height-default\" data-id=\"82f0bc8\" data-element_type=\"section\">\n\t\t\t\t\t\t<div class=\"elementor-container elementor-column-gap-default\">\n\t\t\t\t\t\t\t<div class=\"elementor-row\">\n\t\t\t\t\t<div class=\"elementor-column elementor-col-100 elementor-top-column elementor-element elementor-element-a35d422\" data-id=\"a35d422\" data-element_type=\"column\">\n\t\t\t<div class=\"elementor-column-wrap elementor-element-populated\">\n\t\t\t\t\t\t\t<div class=\"elementor-widget-wrap\">\n\t\t\t\t\t\t<div class=\"elementor-element elementor-element-69b54a9 elementor-widget elementor-widget-text-editor\" data-id=\"69b54a9\" data-element_type=\"widget\" data-widget_type=\"text-editor.default\">\n\t\t\t\t<div class=\"elementor-widget-container\">\n\t\t\t\t\t\t\t\t<div class=\"elementor-text-editor elementor-clearfix\">\n\t\t\t\t<p style=\"text-align: center;\"><span style=\"color: #993300; font-family: tahoma, arial, helvetica, sans-serif; font-size: 14pt;\">Horario<\/span><\/p><p style=\"text-align: center;\">Lunes a jueves de 8:00 a 16:45 hrs. \/ viernes de 8:00 a 14:45 hrs.<\/p><p style=\"text-align: center;\"><span style=\"color: #993300; font-family: tahoma, arial, helvetica, sans-serif; font-size: 14pt;\">Contacto<\/span><\/p><p style=\"text-align: center;\">5950 &#8211; 4000 ext. 4670<\/p>\t\t\t\t\t<\/div>\n\t\t\t\t\t\t<\/div>\n\t\t\t\t<\/div>\n\t\t\t\t\t\t<\/div>\n\t\t\t\t\t<\/div>\n\t\t<\/div>\n\t\t\t\t\t\t\t\t<\/div>\n\t\t\t\t\t<\/div>\n\t\t<\/section>\n\t\t\t\t\t\t\t\t\t<\/div>\n\t\t\t<\/div>\n\t\t\t\t\t<\/div>\n\t\t","protected":false},"excerpt":{"rendered":"<p>Archivos Acci\u00f3n Cat\u00f3lica MexicanaAlberto Salinas CarranzaCompa\u00f1\u00eda de Francisco de Ignacio de YrateaCompa\u00f1ia Industrial de GuadalajaraElena TorresHacienda de San Bartolom\u00e9 de los TepetatesHacienda de San Nicol\u00e1s TolentinoHaciendas de la Familia AbiegaHaciendas de TlaxcalaInstituto PatriaJoaqu\u00edn CardosoJoaquin PedreroJos\u00e9 de Jes\u00fas Sam L\u00f3pez: Un<\/p>\n","protected":false},"author":2,"featured_media":0,"parent":5,"menu_order":3,"comment_status":"closed","ping_status":"closed","template":"","meta":[],"_links":{"self":[{"href":"https:\/\/www.bib.ibero.mx\/site\/index.php\/wp-json\/wp\/v2\/pages\/2074"}],"collection":[{"href":"https:\/\/www.bib.ibero.mx\/site\/index.php\/wp-json\/wp\/v2\/pages"}],"about":[{"href":"https:\/\/www.bib.ibero.mx\/site\/index.php\/wp-json\/wp\/v2\/types\/page"}],"author":[{"embeddable":true,"href":"https:\/\/www.bib.ibero.mx\/site\/index.php\/wp-json\/wp\/v2\/users\/2"}],"replies":[{"embeddable":true,"href":"https:\/\/www.bib.ibero.mx\/site\/index.php\/wp-json\/wp\/v2\/comments?post=2074"}],"version-history":[{"count":28,"href":"https:\/\/www.bib.ibero.mx\/site\/index.php\/wp-json\/wp\/v2\/pages\/2074\/revisions"}],"predecessor-version":[{"id":14243,"href":"https:\/\/www.bib.ibero.mx\/site\/index.php\/wp-json\/wp\/v2\/pages\/2074\/revisions\/14243"}],"up":[{"embeddable":true,"href":"https:\/\/www.bib.ibero.mx\/site\/index.php\/wp-json\/wp\/v2\/pages\/5"}],"wp:attachment":[{"href":"https:\/\/www.bib.ibero.mx\/site\/index.php\/wp-json\/wp\/v2\/media?parent=2074"}],"curies":[{"name":"wp","href":"https:\/\/api.w.org\/{rel}","templated":true}]}}